{"id":1739,"date":"2021-02-25T18:39:40","date_gmt":"2021-02-25T18:39:40","guid":{"rendered":"https:\/\/kaasboerderijschep.nl\/in-de-omgeving\/"},"modified":"2025-04-02T13:12:29","modified_gmt":"2025-04-02T11:12:29","slug":"in-der-umgebung","status":"publish","type":"page","link":"https:\/\/kaasboerderijschep.nl\/de\/in-der-umgebung\/","title":{"rendered":"Noch mehr in der Umgebung"},"content":{"rendered":"\n<p>Herzlich willkommen in der \u2018Krimpenerwaard\u2018! Hier in der Umgebung gibt es viel su sehen und zu tun. Mit dem Fahrrad, zu Fu\u00df oder mit dem Auto. Sch\u00f6ne Fahrradtouren f\u00fcr junge und alte Leute., verschiedene Wanderrouten, ein Besuch in Schoonhoven und sein Silberzeug, Mussen in Haastrecht und Krimpen a\/d IJssel, Naturspielpl\u00e4tze, Spielpolder und verschiedene tolle Gastwirtschaften. Es gibt viele Auswahl! &nbsp;<\/p>\n\n\n\n<h2 class=\"wp-block-heading\">Nehmen Sie eine Brochure mit<\/h2>\n\n\n\n<p>Seit dem Fr\u00fchjahr 2014 sind wir `Gastgeber der Krimpenerwaard\u2018. Zusammen mit etwa 25 anderen Unternehmen in `Krimpenerwaard\u2018 sind wir Botschafter der Landschaft in `Krimpenerwaard\u2018. In unserem Gesch\u00e4ft erhalten Sie kostenlos Brosch\u00fcren und Wander- und Fahrradrouten des `Krimpenerwaard\u2018 und seiner Umgebung. Die `Koekaasroute\u2018 ist zum Beispiel eine Fahrradroute, die unserer Bauernhof.<\/p>\n\n\n\n<h2 class=\"wp-block-heading\">Empfehlungen aus der Region<\/h2>\n\n\n\n<p>In der Region gibt es noch mehr Sehensw\u00fcrdigkeiten. Besuchen Sie, Gouda, Kinderdijk oder Rotterdam. Auch Oudewater mit seiner Hexenwaag ist einen Besuch wert. Die Webseite <a href=\"http:\/\/www.indekrimpenerwaard.nl\/\" target=\"_blank\" rel=\"noreferrer noopener\">&#8216;In de Krimpenerwaard&#8217;<\/a> gibt es einen \u00dcberblick der Veranstaltungen und M\u00f6glichkeiten, die in der &#8216;Krimpenerwaard&#8217; stattfinden.<\/p>\n\n\n\n<h2 class=\"wp-block-heading\">\u00dcbernachten?<\/h2>\n\n\n\n<p>Unser Jungvieh wird auf zwei Bauernh\u00f6fen in `Krimpenerwaard\u2018 gezuchtet. Neben Zuchten bieten beide Bauernh\u00f6fe auch Freizeitaktivit\u00e4ten auf ihrem Gel\u00e4nde an. In Stolwijk gibt es der Bauernhofcampingplatz \u00a0<a href=\"http:\/\/www.boerencampingstolwijk.nl\/\" target=\"_blank\" rel=\"noreferrer noopener\">&#8216;Vreede is Rijckdom&#8217;<\/a>. In Gouderak gibt es Bed and Breakfast <a href=\"http:\/\/www.deappelgaard-gouderak.nl\/\" target=\"_blank\" rel=\"noreferrer noopener\">&#8216;de Appelgaard&#8217;<\/a>. Nat\u00fcrlich k\u00f6nnen wir beide Orte f\u00fcr eine \u00dcbernachtung w\u00e4rmstens empfehlen! Auch Bergambacht is ein toller Ort. Es gibt mehrere Bed and Breakfast. Buchen Sie zum Beispiel eine \u00dcbernachtung bei `<a href=\"http:\/\/www.bijmargo.nl\" target=\"_blank\" rel=\"noreferrer noopener\">Bij Margo<\/a>\u2019 in Zuidbroek 135. Wir wissen, dass man gut im Polder schlafen kann!<\/p>\n","protected":false},"excerpt":{"rendered":"<p>Herzlich willkommen in der \u2018Krimpenerwaard\u2018! Hier in der Umgebung gibt es viel su sehen und zu tun. Mit dem Fahrrad, zu Fu\u00df oder mit dem Auto. Sch\u00f6ne Fahrradtouren f\u00fcr junge und alte Leute., verschiedene Wanderrouten, ein Besuch in Schoonhoven und sein Silberzeug, Mussen in Haastrecht und Krimpen a\/d IJssel, Naturspielpl\u00e4tze, Spielpolder und verschiedene tolle Gastwirtschaften. [&hellip;]<\/p>\n","protected":false},"author":1,"featured_media":1639,"parent":0,"menu_order":0,"comment_status":"closed","ping_status":"closed","template":"","meta":{"_genesis_hide_title":false,"_genesis_hide_breadcrumbs":false,"_genesis_hide_singular_image":false,"_genesis_hide_footer_widgets":false,"_genesis_custom_body_class":"","_genesis_custom_post_class":"","_genesis_layout":"","footnotes":""},"class_list":{"0":"post-1739","1":"page","2":"type-page","3":"status-publish","4":"has-post-thumbnail","6":"entry"},"yoast_head":"<!-- This site is optimized with the Yoast SEO plugin v27.3 - https:\/\/yoast.com\/product\/yoast-seo-wordpress\/ -->\n<title>Noch mehr in der Umgebung - Kaasboerderij Schep<\/title>\n<meta name=\"robots\" content=\"index, follow, max-snippet:-1, max-image-preview:large, max-video-preview:-1\" \/>\n<link rel=\"canonical\" href=\"https:\/\/kaasboerderijschep.nl\/de\/in-der-umgebung\/\" \/>\n<meta property=\"og:locale\" content=\"de_DE\" \/>\n<meta property=\"og:type\" content=\"article\" \/>\n<meta property=\"og:title\" content=\"Noch mehr in der Umgebung - Kaasboerderij Schep\" \/>\n<meta property=\"og:description\" content=\"Herzlich willkommen in der \u2018Krimpenerwaard\u2018! Hier in der Umgebung gibt es viel su sehen und zu tun. Mit dem Fahrrad, zu Fu\u00df oder mit dem Auto. Sch\u00f6ne Fahrradtouren f\u00fcr junge und alte Leute., verschiedene Wanderrouten, ein Besuch in Schoonhoven und sein Silberzeug, Mussen in Haastrecht und Krimpen a\/d IJssel, Naturspielpl\u00e4tze, Spielpolder und verschiedene tolle Gastwirtschaften. [&hellip;]\" \/>\n<meta property=\"og:url\" content=\"https:\/\/kaasboerderijschep.nl\/de\/in-der-umgebung\/\" \/>\n<meta property=\"og:site_name\" content=\"Kaasboerderij Schep\" \/>\n<meta property=\"article:publisher\" content=\"https:\/\/www.facebook.com\/kaasboerderijschep\" \/>\n<meta property=\"article:modified_time\" content=\"2025-04-02T11:12:29+00:00\" \/>\n<meta property=\"og:image\" content=\"https:\/\/kaasboerderijschep.nl\/ziw\/wp-content\/uploads\/2021\/04\/1400x600-INDEOMGEVING-Wandelen-Krimpenerwaard.png\" \/>\n\t<meta property=\"og:image:width\" content=\"1440\" \/>\n\t<meta property=\"og:image:height\" content=\"602\" \/>\n\t<meta property=\"og:image:type\" content=\"image\/png\" \/>\n<meta name=\"twitter:card\" content=\"summary_large_image\" \/>\n<meta name=\"twitter:label1\" content=\"Gesch\u00e4tzte Lesezeit\" \/>\n\t<meta name=\"twitter:data1\" content=\"2 minutes\" \/>\n<!-- \/ Yoast SEO plugin. -->","yoast_head_json":{"title":"Noch mehr in der Umgebung - Kaasboerderij Schep","robots":{"index":"index","follow":"follow","max-snippet":"max-snippet:-1","max-image-preview":"max-image-preview:large","max-video-preview":"max-video-preview:-1"},"canonical":"https:\/\/kaasboerderijschep.nl\/de\/in-der-umgebung\/","og_locale":"de_DE","og_type":"article","og_title":"Noch mehr in der Umgebung - Kaasboerderij Schep","og_description":"Herzlich willkommen in der \u2018Krimpenerwaard\u2018! Hier in der Umgebung gibt es viel su sehen und zu tun. Mit dem Fahrrad, zu Fu\u00df oder mit dem Auto. Sch\u00f6ne Fahrradtouren f\u00fcr junge und alte Leute., verschiedene Wanderrouten, ein Besuch in Schoonhoven und sein Silberzeug, Mussen in Haastrecht und Krimpen a\/d IJssel, Naturspielpl\u00e4tze, Spielpolder und verschiedene tolle Gastwirtschaften. [&hellip;]","og_url":"https:\/\/kaasboerderijschep.nl\/de\/in-der-umgebung\/","og_site_name":"Kaasboerderij Schep","article_publisher":"https:\/\/www.facebook.com\/kaasboerderijschep","article_modified_time":"2025-04-02T11:12:29+00:00","og_image":[{"width":1440,"height":602,"url":"https:\/\/kaasboerderijschep.nl\/ziw\/wp-content\/uploads\/2021\/04\/1400x600-INDEOMGEVING-Wandelen-Krimpenerwaard.png","type":"image\/png"}],"twitter_card":"summary_large_image","twitter_misc":{"Gesch\u00e4tzte Lesezeit":"2 minutes"},"schema":{"@context":"https:\/\/schema.org","@graph":[{"@type":"WebPage","@id":"https:\/\/kaasboerderijschep.nl\/de\/in-der-umgebung\/","url":"https:\/\/kaasboerderijschep.nl\/de\/in-der-umgebung\/","name":"Noch mehr in der Umgebung - Kaasboerderij Schep","isPartOf":{"@id":"https:\/\/kaasboerderijschep.nl\/de\/#website"},"primaryImageOfPage":{"@id":"https:\/\/kaasboerderijschep.nl\/de\/in-der-umgebung\/#primaryimage"},"image":{"@id":"https:\/\/kaasboerderijschep.nl\/de\/in-der-umgebung\/#primaryimage"},"thumbnailUrl":"https:\/\/kaasboerderijschep.nl\/ziw\/wp-content\/uploads\/2021\/04\/1400x600-INDEOMGEVING-Wandelen-Krimpenerwaard.png","datePublished":"2021-02-25T18:39:40+00:00","dateModified":"2025-04-02T11:12:29+00:00","breadcrumb":{"@id":"https:\/\/kaasboerderijschep.nl\/de\/in-der-umgebung\/#breadcrumb"},"inLanguage":"de-DE","potentialAction":[{"@type":"ReadAction","target":["https:\/\/kaasboerderijschep.nl\/de\/in-der-umgebung\/"]}]},{"@type":"ImageObject","inLanguage":"de-DE","@id":"https:\/\/kaasboerderijschep.nl\/de\/in-der-umgebung\/#primaryimage","url":"https:\/\/kaasboerderijschep.nl\/ziw\/wp-content\/uploads\/2021\/04\/1400x600-INDEOMGEVING-Wandelen-Krimpenerwaard.png","contentUrl":"https:\/\/kaasboerderijschep.nl\/ziw\/wp-content\/uploads\/2021\/04\/1400x600-INDEOMGEVING-Wandelen-Krimpenerwaard.png","width":1440,"height":602},{"@type":"BreadcrumbList","@id":"https:\/\/kaasboerderijschep.nl\/de\/in-der-umgebung\/#breadcrumb","itemListElement":[{"@type":"ListItem","position":1,"name":"Home","item":"https:\/\/kaasboerderijschep.nl\/de\/"},{"@type":"ListItem","position":2,"name":"Noch mehr in der Umgebung"}]},{"@type":"WebSite","@id":"https:\/\/kaasboerderijschep.nl\/de\/#website","url":"https:\/\/kaasboerderijschep.nl\/de\/","name":"Kaasboerderij Schep","description":"","publisher":{"@id":"https:\/\/kaasboerderijschep.nl\/de\/#organization"},"potentialAction":[{"@type":"SearchAction","target":{"@type":"EntryPoint","urlTemplate":"https:\/\/kaasboerderijschep.nl\/de\/?s={search_term_string}"},"query-input":{"@type":"PropertyValueSpecification","valueRequired":true,"valueName":"search_term_string"}}],"inLanguage":"de-DE"},{"@type":"Organization","@id":"https:\/\/kaasboerderijschep.nl\/de\/#organization","name":"Kaasboerderij Schep","url":"https:\/\/kaasboerderijschep.nl\/de\/","logo":{"@type":"ImageObject","inLanguage":"de-DE","@id":"https:\/\/kaasboerderijschep.nl\/de\/#\/schema\/logo\/image\/","url":"https:\/\/kaasboerderijschep.nl\/ziw\/wp-content\/uploads\/2021\/03\/cropped-Logo-Kaasboerderij-Schep-RGB-200x200-1.png","contentUrl":"https:\/\/kaasboerderijschep.nl\/ziw\/wp-content\/uploads\/2021\/03\/cropped-Logo-Kaasboerderij-Schep-RGB-200x200-1.png","width":512,"height":512,"caption":"Kaasboerderij Schep"},"image":{"@id":"https:\/\/kaasboerderijschep.nl\/de\/#\/schema\/logo\/image\/"},"sameAs":["https:\/\/www.facebook.com\/kaasboerderijschep","https:\/\/www.instagram.com\/kaasboerderijschep\/","https:\/\/www.linkedin.com\/company\/melkvee--en-kaasboerderij-schep\/","https:\/\/www.youtube.com\/channel\/UCwJIsxKzC6vhgMTZg5TYy6Q"]}]}},"featured_image_src":"https:\/\/kaasboerderijschep.nl\/ziw\/wp-content\/uploads\/2021\/04\/1400x600-INDEOMGEVING-Wandelen-Krimpenerwaard-600x400.png","featured_image_src_square":"https:\/\/kaasboerderijschep.nl\/ziw\/wp-content\/uploads\/2021\/04\/1400x600-INDEOMGEVING-Wandelen-Krimpenerwaard-600x600.png","_links":{"self":[{"href":"https:\/\/kaasboerderijschep.nl\/de\/wp-json\/wp\/v2\/pages\/1739","targetHints":{"allow":["GET"]}}],"collection":[{"href":"https:\/\/kaasboerderijschep.nl\/de\/wp-json\/wp\/v2\/pages"}],"about":[{"href":"https:\/\/kaasboerderijschep.nl\/de\/wp-json\/wp\/v2\/types\/page"}],"author":[{"embeddable":true,"href":"https:\/\/kaasboerderijschep.nl\/de\/wp-json\/wp\/v2\/users\/1"}],"replies":[{"embeddable":true,"href":"https:\/\/kaasboerderijschep.nl\/de\/wp-json\/wp\/v2\/comments?post=1739"}],"version-history":[{"count":5,"href":"https:\/\/kaasboerderijschep.nl\/de\/wp-json\/wp\/v2\/pages\/1739\/revisions"}],"predecessor-version":[{"id":2544,"href":"https:\/\/kaasboerderijschep.nl\/de\/wp-json\/wp\/v2\/pages\/1739\/revisions\/2544"}],"wp:featuredmedia":[{"embeddable":true,"href":"https:\/\/kaasboerderijschep.nl\/de\/wp-json\/wp\/v2\/media\/1639"}],"wp:attachment":[{"href":"https:\/\/kaasboerderijschep.nl\/de\/wp-json\/wp\/v2\/media?parent=1739"}],"curies":[{"name":"wp","href":"https:\/\/api.w.org\/{rel}","templated":true}]}}