{"id":1727,"date":"2021-02-25T18:36:10","date_gmt":"2021-02-25T18:36:10","guid":{"rendered":"https:\/\/kaasboerderijschep.nl\/bezoek-de-boerderijwinkel\/"},"modified":"2021-05-12T18:28:21","modified_gmt":"2021-05-12T16:28:21","slug":"besuch-die-bauernhofladen","status":"publish","type":"page","link":"https:\/\/kaasboerderijschep.nl\/de\/besuch-die-bauernhofladen\/","title":{"rendered":"Frisch vom Bauernhof \u2013 Sie finden es in unserem shop!"},"content":{"rendered":"\n<p>Wir sind ziemlich solz auf unser Betrieb. Es gibt viele leckere Dinge zur Auswahl. Neben unseren eigenen Kreationen finden Sie hier alle m\u00f6glichen Produkte aus der Region. Alles ist frisch vom Bauernhof! Sch\u00f6n, sich selbst (oder jemand anderem) ein Geschenk zu machen\u2026 Der Laden ist von Montag bis Samstag von 8.30 Uhr bis 18 Uhr ge\u00f6ffnet. Sie k\u00f6nnen in unserem Bauernhofladen mit Karte kontaktlos bezahlen.<\/p>\n\n\n\n<div style=\"color:#ddd\" class=\"wp-block-genesis-blocks-gb-spacer gb-block-spacer gb-divider-solid gb-divider-size-1\"><hr style=\"height:30px\"\/><\/div>\n\n\n\n<div class=\"wp-block-media-text alignwide has-media-on-the-right is-stacked-on-mobile is-image-fill\"><figure class=\"wp-block-media-text__media\" style=\"background-image:url(https:\/\/kaasboerderijschep.nl\/ziw\/wp-content\/uploads\/2021\/04\/RUIMKEUZEKAASDSC_7724Jose-Donatz-Fotografie-1024x682.jpg);background-position:50% 50%\"><img loading=\"lazy\" decoding=\"async\" width=\"1024\" height=\"682\" src=\"https:\/\/kaasboerderijschep.nl\/ziw\/wp-content\/uploads\/2021\/04\/RUIMKEUZEKAASDSC_7724Jose-Donatz-Fotografie-1024x682.jpg\" alt=\"\" class=\"wp-image-1314 size-full\" srcset=\"https:\/\/kaasboerderijschep.nl\/ziw\/wp-content\/uploads\/2021\/04\/RUIMKEUZEKAASDSC_7724Jose-Donatz-Fotografie-1024x682.jpg 1024w, https:\/\/kaasboerderijschep.nl\/ziw\/wp-content\/uploads\/2021\/04\/RUIMKEUZEKAASDSC_7724Jose-Donatz-Fotografie-300x200.jpg 300w, https:\/\/kaasboerderijschep.nl\/ziw\/wp-content\/uploads\/2021\/04\/RUIMKEUZEKAASDSC_7724Jose-Donatz-Fotografie-768x512.jpg 768w, https:\/\/kaasboerderijschep.nl\/ziw\/wp-content\/uploads\/2021\/04\/RUIMKEUZEKAASDSC_7724Jose-Donatz-Fotografie-600x400.jpg 600w, https:\/\/kaasboerderijschep.nl\/ziw\/wp-content\/uploads\/2021\/04\/RUIMKEUZEKAASDSC_7724Jose-Donatz-Fotografie.jpg 1400w\" sizes=\"auto, (max-width: 1024px) 100vw, 1024px\" \/><\/figure><div class=\"wp-block-media-text__content\">\n<h2 class=\"wp-block-heading\">Gro\u00dfe K\u00e4seauswahl<\/h2>\n\n\n\n<p>Neben unserem eigenen \u201cleckersten Bauernk\u00e4se der Niederlande\u201d verkaufen wir auch k\u00f6stlichen jungen, gereiften, alten und extra gereiften K\u00e4se. Wir lassen Sie gerne alle probieren, damit Sie genau wissen, was Sie kaufen. M\u00f6gen Sie besondere Geschmacksrichtungen, dann k\u00f6nnen Sie sich hier verw\u00f6hnen lassen. Wir haben K\u00fcmmel, Bockshornklee, Paprika\/Schnittlauch, italienische Kr\u00e4uter, Pesto, Brennnessel, Senf, Tr\u00fcffel und Knoblauch\/Zwiebel.&nbsp; Genug Auswahl f\u00fcr jeden K\u00e4seliebhaber. M\u00f6chten Sie Ihren K\u00e4se l\u00e4nger aufbewahren, dann k\u00f6nnen wir den K\u00e4se f\u00fcr Sie vakuumverpacken. Und wir versprechen Ihnen, dass dies keinen Einfluss auf die Frische oder den Geschmack hat.<\/p>\n<\/div><\/div>\n\n\n\n<div style=\"color:#ddd\" class=\"wp-block-genesis-blocks-gb-spacer gb-block-spacer gb-divider-solid gb-divider-size-1\"><hr style=\"height:30px\"\/><\/div>\n\n\n\n<div class=\"wp-block-media-text alignwide is-stacked-on-mobile is-image-fill\"><figure class=\"wp-block-media-text__media\" style=\"background-image:url(https:\/\/kaasboerderijschep.nl\/ziw\/wp-content\/uploads\/2021\/04\/ZALIGEZUIVEL-DSC_5457Jose-Donatz-Fotografie-1024x681.jpg);background-position:51% 77%\"><img loading=\"lazy\" decoding=\"async\" width=\"1024\" height=\"681\" src=\"https:\/\/kaasboerderijschep.nl\/ziw\/wp-content\/uploads\/2021\/04\/ZALIGEZUIVEL-DSC_5457Jose-Donatz-Fotografie-1024x681.jpg\" alt=\"\" class=\"wp-image-1317 size-full\" srcset=\"https:\/\/kaasboerderijschep.nl\/ziw\/wp-content\/uploads\/2021\/04\/ZALIGEZUIVEL-DSC_5457Jose-Donatz-Fotografie-1024x681.jpg 1024w, https:\/\/kaasboerderijschep.nl\/ziw\/wp-content\/uploads\/2021\/04\/ZALIGEZUIVEL-DSC_5457Jose-Donatz-Fotografie-300x200.jpg 300w, https:\/\/kaasboerderijschep.nl\/ziw\/wp-content\/uploads\/2021\/04\/ZALIGEZUIVEL-DSC_5457Jose-Donatz-Fotografie-768x511.jpg 768w, https:\/\/kaasboerderijschep.nl\/ziw\/wp-content\/uploads\/2021\/04\/ZALIGEZUIVEL-DSC_5457Jose-Donatz-Fotografie-600x400.jpg 600w, https:\/\/kaasboerderijschep.nl\/ziw\/wp-content\/uploads\/2021\/04\/ZALIGEZUIVEL-DSC_5457Jose-Donatz-Fotografie.jpg 1200w\" sizes=\"auto, (max-width: 1024px) 100vw, 1024px\" \/><\/figure><div class=\"wp-block-media-text__content\">\n<h2 class=\"wp-block-heading\">Leckere Milchprodukte<\/h2>\n\n\n\n<p>Aus unserer eigenen Milch stellen wir auch leckeren Vollbauernjoghurt, Bauernvanillepudding, Bauernbuttermilch, Bauernschokoladenmilch und Vollbauernmilch her. Diese Milchprodukte werden in Flaschen von einem Liter zum Verkauf angeboten.<\/p>\n<\/div><\/div>\n\n\n\n<div style=\"color:#ddd\" class=\"wp-block-genesis-blocks-gb-spacer gb-block-spacer gb-divider-solid gb-divider-size-1\"><hr style=\"height:30px\"\/><\/div>\n\n\n\n<div class=\"wp-block-media-text alignwide has-media-on-the-right is-stacked-on-mobile is-image-fill\"><figure class=\"wp-block-media-text__media\" style=\"background-image:url(https:\/\/kaasboerderijschep.nl\/ziw\/wp-content\/uploads\/2021\/04\/IJSVINGERSAFLIKKEN-Eva_ijs-1024x683.jpg);background-position:49% 24%\"><img loading=\"lazy\" decoding=\"async\" width=\"1024\" height=\"683\" src=\"https:\/\/kaasboerderijschep.nl\/ziw\/wp-content\/uploads\/2021\/04\/IJSVINGERSAFLIKKEN-Eva_ijs-1024x683.jpg\" alt=\"\" class=\"wp-image-1322 size-full\" srcset=\"https:\/\/kaasboerderijschep.nl\/ziw\/wp-content\/uploads\/2021\/04\/IJSVINGERSAFLIKKEN-Eva_ijs-1024x683.jpg 1024w, https:\/\/kaasboerderijschep.nl\/ziw\/wp-content\/uploads\/2021\/04\/IJSVINGERSAFLIKKEN-Eva_ijs-300x200.jpg 300w, https:\/\/kaasboerderijschep.nl\/ziw\/wp-content\/uploads\/2021\/04\/IJSVINGERSAFLIKKEN-Eva_ijs-768x512.jpg 768w, https:\/\/kaasboerderijschep.nl\/ziw\/wp-content\/uploads\/2021\/04\/IJSVINGERSAFLIKKEN-Eva_ijs-600x400.jpg 600w, https:\/\/kaasboerderijschep.nl\/ziw\/wp-content\/uploads\/2021\/04\/IJSVINGERSAFLIKKEN-Eva_ijs.jpg 1080w\" sizes=\"auto, (max-width: 1024px) 100vw, 1024px\" \/><\/figure><div class=\"wp-block-media-text__content\">\n<h2 class=\"wp-block-heading\">Eiscreme<\/h2>\n\n\n\n<p>Das ganze Jahr verkaufen wir Bauernhofeis in einer Vielzahl von k\u00f6stlichen Geschmacksrichtungen, wie Vanille, Erdbeere, Kirsche, Zitrone, Joghurt, Banane, Bauernjungen und Stracciatella.<\/p>\n<\/div><\/div>\n\n\n\n<div style=\"color:#ddd\" class=\"wp-block-genesis-blocks-gb-spacer gb-block-spacer gb-divider-solid gb-divider-size-1\"><hr style=\"height:30px\"\/><\/div>\n\n\n\n<div class=\"wp-block-media-text alignwide is-stacked-on-mobile is-image-fill\"><figure class=\"wp-block-media-text__media\" style=\"background-image:url(https:\/\/kaasboerderijschep.nl\/ziw\/wp-content\/uploads\/2021\/04\/STOERE-STREEKRODUCTEN-DSC_7707Jose-Donatz-Fotografie-1024x683.jpg);background-position:50% 50%\"><img loading=\"lazy\" decoding=\"async\" width=\"1024\" height=\"683\" src=\"https:\/\/kaasboerderijschep.nl\/ziw\/wp-content\/uploads\/2021\/04\/STOERE-STREEKRODUCTEN-DSC_7707Jose-Donatz-Fotografie-1024x683.jpg\" alt=\"\" class=\"wp-image-1326 size-full\" srcset=\"https:\/\/kaasboerderijschep.nl\/ziw\/wp-content\/uploads\/2021\/04\/STOERE-STREEKRODUCTEN-DSC_7707Jose-Donatz-Fotografie-1024x683.jpg 1024w, https:\/\/kaasboerderijschep.nl\/ziw\/wp-content\/uploads\/2021\/04\/STOERE-STREEKRODUCTEN-DSC_7707Jose-Donatz-Fotografie-300x200.jpg 300w, https:\/\/kaasboerderijschep.nl\/ziw\/wp-content\/uploads\/2021\/04\/STOERE-STREEKRODUCTEN-DSC_7707Jose-Donatz-Fotografie-768x512.jpg 768w, https:\/\/kaasboerderijschep.nl\/ziw\/wp-content\/uploads\/2021\/04\/STOERE-STREEKRODUCTEN-DSC_7707Jose-Donatz-Fotografie-600x400.jpg 600w, https:\/\/kaasboerderijschep.nl\/ziw\/wp-content\/uploads\/2021\/04\/STOERE-STREEKRODUCTEN-DSC_7707Jose-Donatz-Fotografie.jpg 1200w\" sizes=\"auto, (max-width: 1024px) 100vw, 1024px\" \/><\/figure><div class=\"wp-block-media-text__content\">\n<h2 class=\"wp-block-heading\">Lokale Produkte<\/h2>\n\n\n\n<p>Wussten Sie, dass es im \u2018Groene Hart\u2019 (ein Naherholungs- und Naturschutzgebiet inmitten der Randstad) \u00a0viele wunderbare lokale Produkte gibt? Wir sind Fans und verkaufen die leckersten Produkte in unserem Webshop. Wir haben zum Beispiel Kalbflleisch von Waards Kalf in \u2018Krimpenerwaard\u2019 im K\u00fchlschrank, Gans von \u2018Het Wildhuys\u2018 in Berkenwoude, Eis von \u2018Kaasboerderij `t Klooster\u2018 in Haastrecht, Apfel-Birnen-Saft von Bauernhof \u2018de Appelgaard\u2018 in Gouderak, Bier von der Brauerei \u2018Argentum\u2018 in Schoonhoven, Marmelade von der \u2018Rode Mus Bessentuin\u2018 in Berkenwoude, H\u00f6nig von der Imkerei \u2018de Nesse\u2018 Ouderkerk aan den Ijssel, Eier von feilaufenden H\u00fchnen von \u2018Stolweitjes\u2018 in Stolwijk, Sirupwaffeln von der B\u00e4ckerei \u2018Casteleijn\u2018 in Bergambacht, Kartoffeln von Ackerbaubetrieb \u2018Burgers\u2018 in Zevenbergschenhoek, Wurst von \u2018Buitengewone varkens\u2018, Cheesedip von \u2018Smaakgeheimen\u2018, Senf von \u2018TON\u2018, Lakritze von \u2018Klepper und Klepper\u2018, frische Suppe von \u2018Klaartjes Boerensoepen\u2018, echte Bauernbutter von \u2018Zuivelboerderij van Erk\u2018 in Berkenwoude, Mehlprodukte von M\u00fchle \u2018Den Arend\u2018 in Bergambacht, Hoeksche Chips von \u2018Hoeksche Hoeve\u2018 in `s Gravendeel und die leckersten frisch ger\u00f6steten N\u00fcsse von \u2018William de Kaasboer\u2018 in Lekkerkerk. Sie k\u00f6nnen die Produkte gerne auszuprobieren!<\/p>\n<\/div><\/div>\n\n\n\n<div style=\"color:#ddd\" class=\"wp-block-genesis-blocks-gb-spacer gb-block-spacer gb-divider-solid gb-divider-size-1\"><hr style=\"height:30px\"\/><\/div>\n\n\n\n<div class=\"wp-block-media-text alignwide has-media-on-the-right is-stacked-on-mobile is-image-fill\"><figure class=\"wp-block-media-text__media\" style=\"background-image:url(https:\/\/kaasboerderijschep.nl\/ziw\/wp-content\/uploads\/2021\/04\/LEUKCADEAU-DSC_7725Jose-Donatz-Fotografie-1024x683.jpg);background-position:50% 50%\"><img loading=\"lazy\" decoding=\"async\" width=\"1024\" height=\"683\" src=\"https:\/\/kaasboerderijschep.nl\/ziw\/wp-content\/uploads\/2021\/04\/LEUKCADEAU-DSC_7725Jose-Donatz-Fotografie-1024x683.jpg\" alt=\"\" class=\"wp-image-1330 size-full\" srcset=\"https:\/\/kaasboerderijschep.nl\/ziw\/wp-content\/uploads\/2021\/04\/LEUKCADEAU-DSC_7725Jose-Donatz-Fotografie-1024x683.jpg 1024w, https:\/\/kaasboerderijschep.nl\/ziw\/wp-content\/uploads\/2021\/04\/LEUKCADEAU-DSC_7725Jose-Donatz-Fotografie-300x200.jpg 300w, https:\/\/kaasboerderijschep.nl\/ziw\/wp-content\/uploads\/2021\/04\/LEUKCADEAU-DSC_7725Jose-Donatz-Fotografie-768x512.jpg 768w, https:\/\/kaasboerderijschep.nl\/ziw\/wp-content\/uploads\/2021\/04\/LEUKCADEAU-DSC_7725Jose-Donatz-Fotografie-600x400.jpg 600w, https:\/\/kaasboerderijschep.nl\/ziw\/wp-content\/uploads\/2021\/04\/LEUKCADEAU-DSC_7725Jose-Donatz-Fotografie.jpg 1200w\" sizes=\"auto, (max-width: 1024px) 100vw, 1024px\" \/><\/figure><div class=\"wp-block-media-text__content\">\n<h2 class=\"wp-block-heading\">Auf der Suche nach ein tolles Geschenk?<\/h2>\n\n\n\n<p>Verschenken Sie ein leckeres K\u00e4sest\u00fcck. Fast jeder liebt es. Wir bieten ein festliches Paket an. Sie k\u00f6nnen auch einen Geschenkgutschein w\u00e4hlen. Der Empf\u00e4nger kann dann aus unserem umfangreichen Assortiment w\u00e4hlen. Und haben Sie schon unser Regionalpaket gesehen? Gerne stellen wir f\u00fcr Sie ein Paket oder einen Korb mit leckerem K\u00e4se und regionalen Produkten zusammen. Wem schenken sie ein Regionalpaket?<\/p>\n<\/div><\/div>\n\n\n\n<div style=\"color:#ddd\" class=\"wp-block-genesis-blocks-gb-spacer gb-block-spacer gb-divider-solid gb-divider-size-1\"><hr style=\"height:30px\"\/><\/div>\n\n\n\n<figure class=\"wp-block-image size-large is-resized is-style-rounded\"><img loading=\"lazy\" decoding=\"async\" src=\"https:\/\/kaasboerderijschep.nl\/ziw\/wp-content\/uploads\/2021\/03\/Echte_Boerderijzuivel_fc.jpg\" alt=\"\" class=\"wp-image-930\" width=\"188\" height=\"188\" srcset=\"https:\/\/kaasboerderijschep.nl\/ziw\/wp-content\/uploads\/2021\/03\/Echte_Boerderijzuivel_fc.jpg 250w, https:\/\/kaasboerderijschep.nl\/ziw\/wp-content\/uploads\/2021\/03\/Echte_Boerderijzuivel_fc-150x150.jpg 150w, https:\/\/kaasboerderijschep.nl\/ziw\/wp-content\/uploads\/2021\/03\/Echte_Boerderijzuivel_fc-75x75.jpg 75w\" sizes=\"auto, (max-width: 188px) 100vw, 188px\" \/><\/figure>\n","protected":false},"excerpt":{"rendered":"<p>Wir sind ziemlich solz auf unser Betrieb. Es gibt viele leckere Dinge zur Auswahl. Neben unseren eigenen Kreationen finden Sie hier alle m\u00f6glichen Produkte aus der Region. Alles ist frisch vom Bauernhof! Sch\u00f6n, sich selbst (oder jemand anderem) ein Geschenk zu machen\u2026 Der Laden ist von Montag bis Samstag von 8.30 Uhr bis 18 Uhr [&hellip;]<\/p>\n","protected":false},"author":1,"featured_media":1627,"parent":0,"menu_order":0,"comment_status":"closed","ping_status":"closed","template":"","meta":{"_genesis_hide_title":false,"_genesis_hide_breadcrumbs":false,"_genesis_hide_singular_image":false,"_genesis_hide_footer_widgets":false,"_genesis_custom_body_class":"","_genesis_custom_post_class":"","_genesis_layout":"","footnotes":""},"class_list":{"0":"post-1727","1":"page","2":"type-page","3":"status-publish","4":"has-post-thumbnail","6":"entry"},"yoast_head":"<!-- This site is optimized with the Yoast SEO plugin v27.3 - https:\/\/yoast.com\/product\/yoast-seo-wordpress\/ -->\n<title>Frisch vom Bauernhof \u2013 Sie finden es in unserem shop! - Kaasboerderij Schep<\/title>\n<meta name=\"robots\" content=\"index, follow, max-snippet:-1, max-image-preview:large, max-video-preview:-1\" \/>\n<link rel=\"canonical\" href=\"https:\/\/kaasboerderijschep.nl\/de\/besuch-die-bauernhofladen\/\" \/>\n<meta property=\"og:locale\" content=\"de_DE\" \/>\n<meta property=\"og:type\" content=\"article\" \/>\n<meta property=\"og:title\" content=\"Frisch vom Bauernhof \u2013 Sie finden es in unserem shop! - Kaasboerderij Schep\" \/>\n<meta property=\"og:description\" content=\"Wir sind ziemlich solz auf unser Betrieb. Es gibt viele leckere Dinge zur Auswahl. Neben unseren eigenen Kreationen finden Sie hier alle m\u00f6glichen Produkte aus der Region. Alles ist frisch vom Bauernhof! Sch\u00f6n, sich selbst (oder jemand anderem) ein Geschenk zu machen\u2026 Der Laden ist von Montag bis Samstag von 8.30 Uhr bis 18 Uhr [&hellip;]\" \/>\n<meta property=\"og:url\" content=\"https:\/\/kaasboerderijschep.nl\/de\/besuch-die-bauernhofladen\/\" \/>\n<meta property=\"og:site_name\" content=\"Kaasboerderij Schep\" \/>\n<meta property=\"article:publisher\" content=\"https:\/\/www.facebook.com\/kaasboerderijschep\" \/>\n<meta property=\"article:modified_time\" content=\"2021-05-12T16:28:21+00:00\" \/>\n<meta property=\"og:image\" content=\"https:\/\/kaasboerderijschep.nl\/ziw\/wp-content\/uploads\/2021\/04\/1400x600dither-VERSVDBOERDERIJ-DSC_7694Jose-Donatz-boerderijwinkel.png\" \/>\n\t<meta property=\"og:image:width\" content=\"1440\" \/>\n\t<meta property=\"og:image:height\" content=\"600\" \/>\n\t<meta property=\"og:image:type\" content=\"image\/png\" \/>\n<meta name=\"twitter:card\" content=\"summary_large_image\" \/>\n<meta name=\"twitter:label1\" content=\"Gesch\u00e4tzte Lesezeit\" \/>\n\t<meta name=\"twitter:data1\" content=\"4 minutes\" \/>\n<!-- \/ Yoast SEO plugin. -->","yoast_head_json":{"title":"Frisch vom Bauernhof \u2013 Sie finden es in unserem shop! - Kaasboerderij Schep","robots":{"index":"index","follow":"follow","max-snippet":"max-snippet:-1","max-image-preview":"max-image-preview:large","max-video-preview":"max-video-preview:-1"},"canonical":"https:\/\/kaasboerderijschep.nl\/de\/besuch-die-bauernhofladen\/","og_locale":"de_DE","og_type":"article","og_title":"Frisch vom Bauernhof \u2013 Sie finden es in unserem shop! - Kaasboerderij Schep","og_description":"Wir sind ziemlich solz auf unser Betrieb. Es gibt viele leckere Dinge zur Auswahl. Neben unseren eigenen Kreationen finden Sie hier alle m\u00f6glichen Produkte aus der Region. Alles ist frisch vom Bauernhof! Sch\u00f6n, sich selbst (oder jemand anderem) ein Geschenk zu machen\u2026 Der Laden ist von Montag bis Samstag von 8.30 Uhr bis 18 Uhr [&hellip;]","og_url":"https:\/\/kaasboerderijschep.nl\/de\/besuch-die-bauernhofladen\/","og_site_name":"Kaasboerderij Schep","article_publisher":"https:\/\/www.facebook.com\/kaasboerderijschep","article_modified_time":"2021-05-12T16:28:21+00:00","og_image":[{"width":1440,"height":600,"url":"https:\/\/kaasboerderijschep.nl\/ziw\/wp-content\/uploads\/2021\/04\/1400x600dither-VERSVDBOERDERIJ-DSC_7694Jose-Donatz-boerderijwinkel.png","type":"image\/png"}],"twitter_card":"summary_large_image","twitter_misc":{"Gesch\u00e4tzte Lesezeit":"4 minutes"},"schema":{"@context":"https:\/\/schema.org","@graph":[{"@type":"WebPage","@id":"https:\/\/kaasboerderijschep.nl\/de\/besuch-die-bauernhofladen\/","url":"https:\/\/kaasboerderijschep.nl\/de\/besuch-die-bauernhofladen\/","name":"Frisch vom Bauernhof \u2013 Sie finden es in unserem shop! - Kaasboerderij Schep","isPartOf":{"@id":"https:\/\/kaasboerderijschep.nl\/de\/#website"},"primaryImageOfPage":{"@id":"https:\/\/kaasboerderijschep.nl\/de\/besuch-die-bauernhofladen\/#primaryimage"},"image":{"@id":"https:\/\/kaasboerderijschep.nl\/de\/besuch-die-bauernhofladen\/#primaryimage"},"thumbnailUrl":"https:\/\/kaasboerderijschep.nl\/ziw\/wp-content\/uploads\/2021\/04\/1400x600dither-VERSVDBOERDERIJ-DSC_7694Jose-Donatz-boerderijwinkel.png","datePublished":"2021-02-25T18:36:10+00:00","dateModified":"2021-05-12T16:28:21+00:00","breadcrumb":{"@id":"https:\/\/kaasboerderijschep.nl\/de\/besuch-die-bauernhofladen\/#breadcrumb"},"inLanguage":"de-DE","potentialAction":[{"@type":"ReadAction","target":["https:\/\/kaasboerderijschep.nl\/de\/besuch-die-bauernhofladen\/"]}]},{"@type":"ImageObject","inLanguage":"de-DE","@id":"https:\/\/kaasboerderijschep.nl\/de\/besuch-die-bauernhofladen\/#primaryimage","url":"https:\/\/kaasboerderijschep.nl\/ziw\/wp-content\/uploads\/2021\/04\/1400x600dither-VERSVDBOERDERIJ-DSC_7694Jose-Donatz-boerderijwinkel.png","contentUrl":"https:\/\/kaasboerderijschep.nl\/ziw\/wp-content\/uploads\/2021\/04\/1400x600dither-VERSVDBOERDERIJ-DSC_7694Jose-Donatz-boerderijwinkel.png","width":1440,"height":600},{"@type":"BreadcrumbList","@id":"https:\/\/kaasboerderijschep.nl\/de\/besuch-die-bauernhofladen\/#breadcrumb","itemListElement":[{"@type":"ListItem","position":1,"name":"Home","item":"https:\/\/kaasboerderijschep.nl\/de\/"},{"@type":"ListItem","position":2,"name":"Frisch vom Bauernhof \u2013 Sie finden es in unserem shop!"}]},{"@type":"WebSite","@id":"https:\/\/kaasboerderijschep.nl\/de\/#website","url":"https:\/\/kaasboerderijschep.nl\/de\/","name":"Kaasboerderij Schep","description":"","publisher":{"@id":"https:\/\/kaasboerderijschep.nl\/de\/#organization"},"potentialAction":[{"@type":"SearchAction","target":{"@type":"EntryPoint","urlTemplate":"https:\/\/kaasboerderijschep.nl\/de\/?s={search_term_string}"},"query-input":{"@type":"PropertyValueSpecification","valueRequired":true,"valueName":"search_term_string"}}],"inLanguage":"de-DE"},{"@type":"Organization","@id":"https:\/\/kaasboerderijschep.nl\/de\/#organization","name":"Kaasboerderij Schep","url":"https:\/\/kaasboerderijschep.nl\/de\/","logo":{"@type":"ImageObject","inLanguage":"de-DE","@id":"https:\/\/kaasboerderijschep.nl\/de\/#\/schema\/logo\/image\/","url":"https:\/\/kaasboerderijschep.nl\/ziw\/wp-content\/uploads\/2021\/03\/cropped-Logo-Kaasboerderij-Schep-RGB-200x200-1.png","contentUrl":"https:\/\/kaasboerderijschep.nl\/ziw\/wp-content\/uploads\/2021\/03\/cropped-Logo-Kaasboerderij-Schep-RGB-200x200-1.png","width":512,"height":512,"caption":"Kaasboerderij Schep"},"image":{"@id":"https:\/\/kaasboerderijschep.nl\/de\/#\/schema\/logo\/image\/"},"sameAs":["https:\/\/www.facebook.com\/kaasboerderijschep","https:\/\/www.instagram.com\/kaasboerderijschep\/","https:\/\/www.linkedin.com\/company\/melkvee--en-kaasboerderij-schep\/","https:\/\/www.youtube.com\/channel\/UCwJIsxKzC6vhgMTZg5TYy6Q"]}]}},"featured_image_src":"https:\/\/kaasboerderijschep.nl\/ziw\/wp-content\/uploads\/2021\/04\/1400x600dither-VERSVDBOERDERIJ-DSC_7694Jose-Donatz-boerderijwinkel-600x400.png","featured_image_src_square":"https:\/\/kaasboerderijschep.nl\/ziw\/wp-content\/uploads\/2021\/04\/1400x600dither-VERSVDBOERDERIJ-DSC_7694Jose-Donatz-boerderijwinkel-600x600.png","_links":{"self":[{"href":"https:\/\/kaasboerderijschep.nl\/de\/wp-json\/wp\/v2\/pages\/1727","targetHints":{"allow":["GET"]}}],"collection":[{"href":"https:\/\/kaasboerderijschep.nl\/de\/wp-json\/wp\/v2\/pages"}],"about":[{"href":"https:\/\/kaasboerderijschep.nl\/de\/wp-json\/wp\/v2\/types\/page"}],"author":[{"embeddable":true,"href":"https:\/\/kaasboerderijschep.nl\/de\/wp-json\/wp\/v2\/users\/1"}],"replies":[{"embeddable":true,"href":"https:\/\/kaasboerderijschep.nl\/de\/wp-json\/wp\/v2\/comments?post=1727"}],"version-history":[{"count":7,"href":"https:\/\/kaasboerderijschep.nl\/de\/wp-json\/wp\/v2\/pages\/1727\/revisions"}],"predecessor-version":[{"id":2026,"href":"https:\/\/kaasboerderijschep.nl\/de\/wp-json\/wp\/v2\/pages\/1727\/revisions\/2026"}],"wp:featuredmedia":[{"embeddable":true,"href":"https:\/\/kaasboerderijschep.nl\/de\/wp-json\/wp\/v2\/media\/1627"}],"wp:attachment":[{"href":"https:\/\/kaasboerderijschep.nl\/de\/wp-json\/wp\/v2\/media?parent=1727"}],"curies":[{"name":"wp","href":"https:\/\/api.w.org\/{rel}","templated":true}]}}