{"id":1724,"date":"2021-02-25T18:33:38","date_gmt":"2021-02-25T18:33:38","guid":{"rendered":"https:\/\/kaasboerderijschep.nl\/boek-een-begeleide-rondleiding-met-de-boerin\/"},"modified":"2025-12-18T20:04:09","modified_gmt":"2025-12-18T19:04:09","slug":"buchen-sie-eine-gefuhrte-tour-mit-dem-bauern","status":"publish","type":"page","link":"https:\/\/kaasboerderijschep.nl\/de\/buchen-sie-eine-gefuhrte-tour-mit-dem-bauern\/","title":{"rendered":"Buchen Sie eine gef\u00fchrte Tour mit dem Bauern"},"content":{"rendered":"\n<div class=\"wp-block-media-text alignwide has-media-on-the-right is-stacked-on-mobile is-vertically-aligned-top is-image-fill-element\"><div class=\"wp-block-media-text__content\">\n<p>M\u00f6chten Sie alles \u00fcber unser Unternehmen durch pers\u00f6nliche Erzahlungen des Bauers oder Bauerin wissen? Dies ist m\u00f6glich. Je nach Vereinbarung bieten wir von Montag bis Samstag F\u00fchrungen auf unserem Bauernhof an. W\u00e4hrend des Rundgangs werfen wir einen Blick auf die K\u00fche, das Melken, die K\u00e4lber und die K\u00e4seherstellung. Wir erz\u00e4hlen unseren G\u00e4sten gerne \u00fcber unseren Betrieb. Auch gibt es w\u00e4hrend des Rundgangs nat\u00fcrlich eine K\u00f6stlichkeit im Bauernhofladen. Hier finden Sie auch unsere leckeren Molkereiprodukte, eine gro\u00dfe Auswahl an regionalen Produkten und unser leckeres Bauernhofeis.<\/p>\n<\/div><figure class=\"wp-block-media-text__media\"><img loading=\"lazy\" decoding=\"async\" width=\"1024\" height=\"682\" src=\"https:\/\/kaasboerderijschep.nl\/ziw\/wp-content\/uploads\/2021\/04\/BOEK-RONDLEIDINGschep-groep-stal-Chiel-1688-1-1024x682.jpg\" alt=\"\" class=\"wp-image-1292 size-full\" style=\"object-position:50% 50%\" srcset=\"https:\/\/kaasboerderijschep.nl\/ziw\/wp-content\/uploads\/2021\/04\/BOEK-RONDLEIDINGschep-groep-stal-Chiel-1688-1-1024x682.jpg 1024w, https:\/\/kaasboerderijschep.nl\/ziw\/wp-content\/uploads\/2021\/04\/BOEK-RONDLEIDINGschep-groep-stal-Chiel-1688-1-300x200.jpg 300w, https:\/\/kaasboerderijschep.nl\/ziw\/wp-content\/uploads\/2021\/04\/BOEK-RONDLEIDINGschep-groep-stal-Chiel-1688-1-768x512.jpg 768w, https:\/\/kaasboerderijschep.nl\/ziw\/wp-content\/uploads\/2021\/04\/BOEK-RONDLEIDINGschep-groep-stal-Chiel-1688-1-600x400.jpg 600w, https:\/\/kaasboerderijschep.nl\/ziw\/wp-content\/uploads\/2021\/04\/BOEK-RONDLEIDINGschep-groep-stal-Chiel-1688-1.jpg 1400w\" sizes=\"auto, (max-width: 1024px) 100vw, 1024px\" \/><\/figure><\/div>\n\n\n\n<h2 class=\"wp-block-heading\">Verschiedene M\u00f6glichkeiten<\/h2>\n\n\n\n<p>Wir bieten Ihnen die folgenden Ausflugm\u00f6glichkeiten f\u00fcr Gruppen ab 10 Personen an:<\/p>\n\n\n\n<div class=\"wp-block-columns alignwide is-layout-flex wp-container-core-columns-is-layout-9d6595d7 wp-block-columns-is-layout-flex\">\n<div class=\"wp-block-column is-layout-flow wp-block-column-is-layout-flow\">\n<h3 class=\"wp-block-heading\">1. Rundgang \u2018Schep\u2019<\/h3>\n\n\n\n<p>Rundgang bei den K\u00fchen, Melken, K\u00e4lber, K\u00e4seherstellung und das Ausprobieren von verschiedenen K\u00e4sesorten. &nbsp;<\/p>\n\n\n\n<p>Preis: \u20ac 7,50 pro Person von 10 bis 25 Personen \/ \u20ac 7,00 pro Person ab 25 Personen<\/p>\n\n\n\n<p>Zeit: 60 Minuten<\/p>\n<\/div>\n\n\n\n<div class=\"wp-block-column is-layout-flow wp-block-column-is-layout-flow\">\n<h3 class=\"wp-block-heading\">2.&nbsp;Rundgang \u2018Schepje meer\u2019<\/h3>\n\n\n\n<p>Zuerst wird frischer Kaffee un Tee mit einer eichten Gouda Sirup-Waffel serviert. Danach gibt es die Besichtung der K\u00fche, das Melken, die K\u00e4lber, die K\u00e4seherstellung und das Ausprobieren von verschiedenen K\u00e4sesorten.&nbsp;<\/p>\n\n\n\n<p>Preis: \u20ac 9,00 pro Person von 10 bis 25 Personen\/\u20ac 8,50 pro Person ab 25 Personen<\/p>\n\n\n\n<p>Zeit: 90 Minuten<\/p>\n<\/div>\n\n\n\n<div class=\"wp-block-column is-layout-flow wp-block-column-is-layout-flow\">\n<h3 class=\"wp-block-heading\">3.&nbsp;Rundgang \u2018Schep op maat\u2019<\/h3>\n\n\n\n<p>Ein Rundgang mit Bauernlunch oder ein Workhop in unserem Heuhaufen, wo man Tagungen haben kann, ist m\u00f6glich. F\u00fcr andere W\u00fcnsche von G\u00e4sten gibt es M\u00f6glichkeiten. Wir erstellen gerne eine Offerte mit den M\u00f6glichkeiten.<\/p>\n<\/div>\n<\/div>\n\n\n\n<figure class=\"wp-block-image size-large is-style-default\"><img loading=\"lazy\" decoding=\"async\" width=\"1024\" height=\"683\" src=\"https:\/\/kaasboerderijschep.nl\/ziw\/wp-content\/uploads\/2021\/04\/SCHEPJEMEER-20191209_112301-1024x683.jpg\" alt=\"\" class=\"wp-image-1298\" srcset=\"https:\/\/kaasboerderijschep.nl\/ziw\/wp-content\/uploads\/2021\/04\/SCHEPJEMEER-20191209_112301-1024x683.jpg 1024w, https:\/\/kaasboerderijschep.nl\/ziw\/wp-content\/uploads\/2021\/04\/SCHEPJEMEER-20191209_112301-300x200.jpg 300w, https:\/\/kaasboerderijschep.nl\/ziw\/wp-content\/uploads\/2021\/04\/SCHEPJEMEER-20191209_112301-768x512.jpg 768w, https:\/\/kaasboerderijschep.nl\/ziw\/wp-content\/uploads\/2021\/04\/SCHEPJEMEER-20191209_112301-600x400.jpg 600w, https:\/\/kaasboerderijschep.nl\/ziw\/wp-content\/uploads\/2021\/04\/SCHEPJEMEER-20191209_112301.jpg 1200w\" sizes=\"auto, (max-width: 1024px) 100vw, 1024px\" \/><\/figure>\n\n\n\n<h2 class=\"wp-block-heading\">Mit weniger als zehn G\u00e4sten?<\/h2>\n\n\n\n<p>M\u00f6chten Sie einen Ausflug auf unserem Bauernhof machen, aber ist die Gruppe kleiner als zehn Personen. Sie k\u00f6nnen gerne mit uns Kontakt aufnehmen und wir schauen uns dann gemeinsam die M\u00f6glichkeiten an.<\/p>\n\n\n\n<div class=\"wp-block-media-text alignwide is-stacked-on-mobile is-image-fill-element\"><figure class=\"wp-block-media-text__media\"><img loading=\"lazy\" decoding=\"async\" width=\"1024\" height=\"681\" src=\"https:\/\/kaasboerderijschep.nl\/ziw\/wp-content\/uploads\/2021\/04\/LEUKE-COMBI-Kinderdijk_holland-4093240_1920-1-1024x681.jpg\" alt=\"\" class=\"wp-image-1456 size-full\" style=\"object-position:50% 50%\" srcset=\"https:\/\/kaasboerderijschep.nl\/ziw\/wp-content\/uploads\/2021\/04\/LEUKE-COMBI-Kinderdijk_holland-4093240_1920-1-1024x681.jpg 1024w, https:\/\/kaasboerderijschep.nl\/ziw\/wp-content\/uploads\/2021\/04\/LEUKE-COMBI-Kinderdijk_holland-4093240_1920-1-300x200.jpg 300w, https:\/\/kaasboerderijschep.nl\/ziw\/wp-content\/uploads\/2021\/04\/LEUKE-COMBI-Kinderdijk_holland-4093240_1920-1-768x511.jpg 768w, https:\/\/kaasboerderijschep.nl\/ziw\/wp-content\/uploads\/2021\/04\/LEUKE-COMBI-Kinderdijk_holland-4093240_1920-1-600x400.jpg 600w, https:\/\/kaasboerderijschep.nl\/ziw\/wp-content\/uploads\/2021\/04\/LEUKE-COMBI-Kinderdijk_holland-4093240_1920-1.jpg 1200w\" sizes=\"auto, (max-width: 1024px) 100vw, 1024px\" \/><\/figure><div class=\"wp-block-media-text__content\">\n<h2 class=\"wp-block-heading\">Tolle Kombination<\/h2>\n\n\n\n<p>F\u00fcr diejenigen, die nicht nur unseren Bauernhof, sondern auch andere Sehensw\u00fcrdigkeiten besuchen m\u00f6chten: denken Sie an die historische Stadt Gouda, die \u2018Zilverstad\u2019 (Stadt mit Silberzeug) Schoonhoven und die M\u00fchlen von Kinderdijk und die Hexenwaag in Ouderwater. All diese Sehensw\u00fcrdigkeiten gibt es in der N\u00e4he! Lesen Sie mehr \u00fcber <a href=\"https:\/\/kaasboerderijschep.nl\/de\/in-der-umgebung\/\">die Aktivit\u00e4ten in der Umgebung<\/a>.<\/p>\n<\/div><\/div>\n\n\n\n<p><\/p>\n\n\n\n<h2 class=\"wp-block-heading\">Wie kommen Sie zu uns?<\/h2>\n\n\n\n<p>Haben Sie Lust zu uns zu kommen? Sie k\u00f6nnen Ihre <a href=\"https:\/\/kaasboerderijschep.nl\/de\/route\/\">Route<\/a> schnell plannen. Auf unserem Bauernhof gibt es gen\u00fcgend Platz zu parken, aber achten Sie darauf, dass Sie den Weg f\u00fcr den Trecker nicht sperren.<\/p>\n","protected":false},"excerpt":{"rendered":"<p>M\u00f6chten Sie alles \u00fcber unser Unternehmen durch pers\u00f6nliche Erzahlungen des Bauers oder Bauerin wissen? Dies ist m\u00f6glich. Je nach Vereinbarung bieten wir von Montag bis Samstag F\u00fchrungen auf unserem Bauernhof an. W\u00e4hrend des Rundgangs werfen wir einen Blick auf die K\u00fche, das Melken, die K\u00e4lber und die K\u00e4seherstellung. Wir erz\u00e4hlen unseren G\u00e4sten gerne \u00fcber unseren [&hellip;]<\/p>\n","protected":false},"author":1,"featured_media":1624,"parent":0,"menu_order":0,"comment_status":"closed","ping_status":"closed","template":"","meta":{"_genesis_hide_title":false,"_genesis_hide_breadcrumbs":false,"_genesis_hide_singular_image":false,"_genesis_hide_footer_widgets":false,"_genesis_custom_body_class":"","_genesis_custom_post_class":"","_genesis_layout":"","footnotes":""},"class_list":{"0":"post-1724","1":"page","2":"type-page","3":"status-publish","4":"has-post-thumbnail","6":"entry"},"yoast_head":"<!-- This site is optimized with the Yoast SEO plugin v27.3 - https:\/\/yoast.com\/product\/yoast-seo-wordpress\/ -->\n<title>Buchen Sie eine gef\u00fchrte Tour mit dem Bauern - Kaasboerderij Schep<\/title>\n<meta name=\"robots\" content=\"index, follow, max-snippet:-1, max-image-preview:large, max-video-preview:-1\" \/>\n<link rel=\"canonical\" href=\"https:\/\/kaasboerderijschep.nl\/de\/buchen-sie-eine-gefuhrte-tour-mit-dem-bauern\/\" \/>\n<meta property=\"og:locale\" content=\"de_DE\" \/>\n<meta property=\"og:type\" content=\"article\" \/>\n<meta property=\"og:title\" content=\"Buchen Sie eine gef\u00fchrte Tour mit dem Bauern - Kaasboerderij Schep\" \/>\n<meta property=\"og:description\" content=\"M\u00f6chten Sie alles \u00fcber unser Unternehmen durch pers\u00f6nliche Erzahlungen des Bauers oder Bauerin wissen? Dies ist m\u00f6glich. Je nach Vereinbarung bieten wir von Montag bis Samstag F\u00fchrungen auf unserem Bauernhof an. W\u00e4hrend des Rundgangs werfen wir einen Blick auf die K\u00fche, das Melken, die K\u00e4lber und die K\u00e4seherstellung. Wir erz\u00e4hlen unseren G\u00e4sten gerne \u00fcber unseren [&hellip;]\" \/>\n<meta property=\"og:url\" content=\"https:\/\/kaasboerderijschep.nl\/de\/buchen-sie-eine-gefuhrte-tour-mit-dem-bauern\/\" \/>\n<meta property=\"og:site_name\" content=\"Kaasboerderij Schep\" \/>\n<meta property=\"article:publisher\" content=\"https:\/\/www.facebook.com\/kaasboerderijschep\" \/>\n<meta property=\"article:modified_time\" content=\"2025-12-18T19:04:09+00:00\" \/>\n<meta property=\"og:image\" content=\"https:\/\/kaasboerderijschep.nl\/ziw\/wp-content\/uploads\/2021\/04\/1400x600dither-rondleiding-20150730_113731-2.png\" \/>\n\t<meta property=\"og:image:width\" content=\"1400\" \/>\n\t<meta property=\"og:image:height\" content=\"602\" \/>\n\t<meta property=\"og:image:type\" content=\"image\/png\" \/>\n<meta name=\"twitter:card\" content=\"summary_large_image\" \/>\n<meta name=\"twitter:label1\" content=\"Gesch\u00e4tzte Lesezeit\" \/>\n\t<meta name=\"twitter:data1\" content=\"3 minutes\" \/>\n<!-- \/ Yoast SEO plugin. -->","yoast_head_json":{"title":"Buchen Sie eine gef\u00fchrte Tour mit dem Bauern - Kaasboerderij Schep","robots":{"index":"index","follow":"follow","max-snippet":"max-snippet:-1","max-image-preview":"max-image-preview:large","max-video-preview":"max-video-preview:-1"},"canonical":"https:\/\/kaasboerderijschep.nl\/de\/buchen-sie-eine-gefuhrte-tour-mit-dem-bauern\/","og_locale":"de_DE","og_type":"article","og_title":"Buchen Sie eine gef\u00fchrte Tour mit dem Bauern - Kaasboerderij Schep","og_description":"M\u00f6chten Sie alles \u00fcber unser Unternehmen durch pers\u00f6nliche Erzahlungen des Bauers oder Bauerin wissen? Dies ist m\u00f6glich. Je nach Vereinbarung bieten wir von Montag bis Samstag F\u00fchrungen auf unserem Bauernhof an. W\u00e4hrend des Rundgangs werfen wir einen Blick auf die K\u00fche, das Melken, die K\u00e4lber und die K\u00e4seherstellung. Wir erz\u00e4hlen unseren G\u00e4sten gerne \u00fcber unseren [&hellip;]","og_url":"https:\/\/kaasboerderijschep.nl\/de\/buchen-sie-eine-gefuhrte-tour-mit-dem-bauern\/","og_site_name":"Kaasboerderij Schep","article_publisher":"https:\/\/www.facebook.com\/kaasboerderijschep","article_modified_time":"2025-12-18T19:04:09+00:00","og_image":[{"width":1400,"height":602,"url":"https:\/\/kaasboerderijschep.nl\/ziw\/wp-content\/uploads\/2021\/04\/1400x600dither-rondleiding-20150730_113731-2.png","type":"image\/png"}],"twitter_card":"summary_large_image","twitter_misc":{"Gesch\u00e4tzte Lesezeit":"3 minutes"},"schema":{"@context":"https:\/\/schema.org","@graph":[{"@type":"WebPage","@id":"https:\/\/kaasboerderijschep.nl\/de\/buchen-sie-eine-gefuhrte-tour-mit-dem-bauern\/","url":"https:\/\/kaasboerderijschep.nl\/de\/buchen-sie-eine-gefuhrte-tour-mit-dem-bauern\/","name":"Buchen Sie eine gef\u00fchrte Tour mit dem Bauern - Kaasboerderij Schep","isPartOf":{"@id":"https:\/\/kaasboerderijschep.nl\/de\/#website"},"primaryImageOfPage":{"@id":"https:\/\/kaasboerderijschep.nl\/de\/buchen-sie-eine-gefuhrte-tour-mit-dem-bauern\/#primaryimage"},"image":{"@id":"https:\/\/kaasboerderijschep.nl\/de\/buchen-sie-eine-gefuhrte-tour-mit-dem-bauern\/#primaryimage"},"thumbnailUrl":"https:\/\/kaasboerderijschep.nl\/ziw\/wp-content\/uploads\/2021\/04\/1400x600dither-rondleiding-20150730_113731-2.png","datePublished":"2021-02-25T18:33:38+00:00","dateModified":"2025-12-18T19:04:09+00:00","breadcrumb":{"@id":"https:\/\/kaasboerderijschep.nl\/de\/buchen-sie-eine-gefuhrte-tour-mit-dem-bauern\/#breadcrumb"},"inLanguage":"de-DE","potentialAction":[{"@type":"ReadAction","target":["https:\/\/kaasboerderijschep.nl\/de\/buchen-sie-eine-gefuhrte-tour-mit-dem-bauern\/"]}]},{"@type":"ImageObject","inLanguage":"de-DE","@id":"https:\/\/kaasboerderijschep.nl\/de\/buchen-sie-eine-gefuhrte-tour-mit-dem-bauern\/#primaryimage","url":"https:\/\/kaasboerderijschep.nl\/ziw\/wp-content\/uploads\/2021\/04\/1400x600dither-rondleiding-20150730_113731-2.png","contentUrl":"https:\/\/kaasboerderijschep.nl\/ziw\/wp-content\/uploads\/2021\/04\/1400x600dither-rondleiding-20150730_113731-2.png","width":1400,"height":602},{"@type":"BreadcrumbList","@id":"https:\/\/kaasboerderijschep.nl\/de\/buchen-sie-eine-gefuhrte-tour-mit-dem-bauern\/#breadcrumb","itemListElement":[{"@type":"ListItem","position":1,"name":"Home","item":"https:\/\/kaasboerderijschep.nl\/de\/"},{"@type":"ListItem","position":2,"name":"Buchen Sie eine gef\u00fchrte Tour mit dem Bauern"}]},{"@type":"WebSite","@id":"https:\/\/kaasboerderijschep.nl\/de\/#website","url":"https:\/\/kaasboerderijschep.nl\/de\/","name":"Kaasboerderij Schep","description":"","publisher":{"@id":"https:\/\/kaasboerderijschep.nl\/de\/#organization"},"potentialAction":[{"@type":"SearchAction","target":{"@type":"EntryPoint","urlTemplate":"https:\/\/kaasboerderijschep.nl\/de\/?s={search_term_string}"},"query-input":{"@type":"PropertyValueSpecification","valueRequired":true,"valueName":"search_term_string"}}],"inLanguage":"de-DE"},{"@type":"Organization","@id":"https:\/\/kaasboerderijschep.nl\/de\/#organization","name":"Kaasboerderij Schep","url":"https:\/\/kaasboerderijschep.nl\/de\/","logo":{"@type":"ImageObject","inLanguage":"de-DE","@id":"https:\/\/kaasboerderijschep.nl\/de\/#\/schema\/logo\/image\/","url":"https:\/\/kaasboerderijschep.nl\/ziw\/wp-content\/uploads\/2021\/03\/cropped-Logo-Kaasboerderij-Schep-RGB-200x200-1.png","contentUrl":"https:\/\/kaasboerderijschep.nl\/ziw\/wp-content\/uploads\/2021\/03\/cropped-Logo-Kaasboerderij-Schep-RGB-200x200-1.png","width":512,"height":512,"caption":"Kaasboerderij Schep"},"image":{"@id":"https:\/\/kaasboerderijschep.nl\/de\/#\/schema\/logo\/image\/"},"sameAs":["https:\/\/www.facebook.com\/kaasboerderijschep","https:\/\/www.instagram.com\/kaasboerderijschep\/","https:\/\/www.linkedin.com\/company\/melkvee--en-kaasboerderij-schep\/","https:\/\/www.youtube.com\/channel\/UCwJIsxKzC6vhgMTZg5TYy6Q"]}]}},"featured_image_src":"https:\/\/kaasboerderijschep.nl\/ziw\/wp-content\/uploads\/2021\/04\/1400x600dither-rondleiding-20150730_113731-2-600x400.png","featured_image_src_square":"https:\/\/kaasboerderijschep.nl\/ziw\/wp-content\/uploads\/2021\/04\/1400x600dither-rondleiding-20150730_113731-2-600x600.png","_links":{"self":[{"href":"https:\/\/kaasboerderijschep.nl\/de\/wp-json\/wp\/v2\/pages\/1724","targetHints":{"allow":["GET"]}}],"collection":[{"href":"https:\/\/kaasboerderijschep.nl\/de\/wp-json\/wp\/v2\/pages"}],"about":[{"href":"https:\/\/kaasboerderijschep.nl\/de\/wp-json\/wp\/v2\/types\/page"}],"author":[{"embeddable":true,"href":"https:\/\/kaasboerderijschep.nl\/de\/wp-json\/wp\/v2\/users\/1"}],"replies":[{"embeddable":true,"href":"https:\/\/kaasboerderijschep.nl\/de\/wp-json\/wp\/v2\/comments?post=1724"}],"version-history":[{"count":6,"href":"https:\/\/kaasboerderijschep.nl\/de\/wp-json\/wp\/v2\/pages\/1724\/revisions"}],"predecessor-version":[{"id":2876,"href":"https:\/\/kaasboerderijschep.nl\/de\/wp-json\/wp\/v2\/pages\/1724\/revisions\/2876"}],"wp:featuredmedia":[{"embeddable":true,"href":"https:\/\/kaasboerderijschep.nl\/de\/wp-json\/wp\/v2\/media\/1624"}],"wp:attachment":[{"href":"https:\/\/kaasboerderijschep.nl\/de\/wp-json\/wp\/v2\/media?parent=1724"}],"curies":[{"name":"wp","href":"https:\/\/api.w.org\/{rel}","templated":true}]}}