{"id":1721,"date":"2021-02-25T18:31:34","date_gmt":"2021-02-25T18:31:34","guid":{"rendered":"https:\/\/kaasboerderijschep.nl\/loop-zelf-een-rondje-op-ons-bedrijf\/"},"modified":"2021-05-12T15:57:30","modified_gmt":"2021-05-12T13:57:30","slug":"machen-sie-einen-spaziergang-uber-den-bauernhof","status":"publish","type":"page","link":"https:\/\/kaasboerderijschep.nl\/de\/machen-sie-einen-spaziergang-uber-den-bauernhof\/","title":{"rendered":"Machen Sie einen Spaziergang \u00fcber den Bauernhof"},"content":{"rendered":"\n<p>Das Machen einer Rundgang \u00fcber unseren Bauernhof, ist ein lustiger Ausflug f\u00fcr die ganze Familie. Es gibt viel zu sehen, zu tun und nat\u00fcrlich zu essen. F\u00fcr diejenigen, die den Bauernhof gerne selber besuchen, k\u00f6nnen Informationsschilder mit vielen Wissenswertem anschauen. Auf diese Art und Weise bekommen Sie Informationen \u00fcber die Haltung von K\u00fchen und die Herstellung von K\u00e4se. Dar\u00fcber hinaus k\u00f6nnen Sie auch einen Blick auf das Milchkarussell werfen, ein Kalb streicheln oder im Bauernhofladen ein St\u00fcck leckeren K\u00e4se kaufen. Die K\u00fche werden ab 14.30 Uhr gemolken.<\/p>\n\n\n\n<div class=\"wp-block-media-text has-media-on-the-right is-stacked-on-mobile is-image-fill\"><figure class=\"wp-block-media-text__media\" style=\"background-image:url(https:\/\/kaasboerderijschep.nl\/ziw\/wp-content\/uploads\/2021\/04\/LEUKECOMBI-VVV-Gouda-17_Markt-001-1024x682.jpg);background-position:50% 50%\"><img loading=\"lazy\" decoding=\"async\" width=\"1024\" height=\"682\" src=\"https:\/\/kaasboerderijschep.nl\/ziw\/wp-content\/uploads\/2021\/04\/LEUKECOMBI-VVV-Gouda-17_Markt-001-1024x682.jpg\" alt=\"\" class=\"wp-image-1276 size-full\" srcset=\"https:\/\/kaasboerderijschep.nl\/ziw\/wp-content\/uploads\/2021\/04\/LEUKECOMBI-VVV-Gouda-17_Markt-001-1024x682.jpg 1024w, https:\/\/kaasboerderijschep.nl\/ziw\/wp-content\/uploads\/2021\/04\/LEUKECOMBI-VVV-Gouda-17_Markt-001-300x200.jpg 300w, https:\/\/kaasboerderijschep.nl\/ziw\/wp-content\/uploads\/2021\/04\/LEUKECOMBI-VVV-Gouda-17_Markt-001-768x512.jpg 768w, https:\/\/kaasboerderijschep.nl\/ziw\/wp-content\/uploads\/2021\/04\/LEUKECOMBI-VVV-Gouda-17_Markt-001-600x400.jpg 600w, https:\/\/kaasboerderijschep.nl\/ziw\/wp-content\/uploads\/2021\/04\/LEUKECOMBI-VVV-Gouda-17_Markt-001.jpg 1400w\" sizes=\"auto, (max-width: 1024px) 100vw, 1024px\" \/><\/figure><div class=\"wp-block-media-text__content\">\n<h2 class=\"wp-block-heading\">Tolle Kombination<\/h2>\n\n\n\n<p>F\u00fcr diejenigen, die nicht nur unseren Bauernhof, sondern auch andere Sehensw\u00fcrdigkeiten besuchen m\u00f6chten: denken Sie an die historische Stadt Gouda, die \u2018Zilverstad\u2019 (Stadt mit Silberzeug) Schoonhoven und die M\u00fchlen von Kinderdijk und die Hexenwaag in Ouderwater. All diese Sehensw\u00fcrdigkeiten gibt es in der N\u00e4he!<\/p>\n\n\n\n<p>Weitere Tipps f\u00fcr einen Besuch in Gouda finden Sie auf der Website des VVV Gouda: <a href=\"http:\/\/www.willkommeningouda.com\" target=\"_blank\" rel=\"noreferrer noopener\">www.willkommeningouda.com<\/a><\/p>\n<\/div><\/div>\n\n\n\n<h2 class=\"wp-block-heading\">Wie kommen Sie zu uns?<\/h2>\n\n\n\n<p>Haben Sie Lust zu uns zu kommen? Sie k\u00f6nnen Ihre Route schnell plannen. Auf unserem Bauernhof gibt es gen\u00fcgend Platz zu parken, aber achten Sie darauf, dass Sie den Weg f\u00fcr den Trecker nicht sperren.<\/p>\n","protected":false},"excerpt":{"rendered":"<p>Das Machen einer Rundgang \u00fcber unseren Bauernhof, ist ein lustiger Ausflug f\u00fcr die ganze Familie. Es gibt viel zu sehen, zu tun und nat\u00fcrlich zu essen. F\u00fcr diejenigen, die den Bauernhof gerne selber besuchen, k\u00f6nnen Informationsschilder mit vielen Wissenswertem anschauen. Auf diese Art und Weise bekommen Sie Informationen \u00fcber die Haltung von K\u00fchen und die [&hellip;]<\/p>\n","protected":false},"author":1,"featured_media":1621,"parent":0,"menu_order":0,"comment_status":"closed","ping_status":"closed","template":"","meta":{"_genesis_hide_title":false,"_genesis_hide_breadcrumbs":false,"_genesis_hide_singular_image":false,"_genesis_hide_footer_widgets":false,"_genesis_custom_body_class":"","_genesis_custom_post_class":"","_genesis_layout":"","footnotes":""},"class_list":{"0":"post-1721","1":"page","2":"type-page","3":"status-publish","4":"has-post-thumbnail","6":"entry"},"yoast_head":"<!-- This site is optimized with the Yoast SEO plugin v27.3 - https:\/\/yoast.com\/product\/yoast-seo-wordpress\/ -->\n<title>Machen Sie einen Spaziergang \u00fcber den Bauernhof - Kaasboerderij Schep<\/title>\n<meta name=\"robots\" content=\"index, follow, max-snippet:-1, max-image-preview:large, max-video-preview:-1\" \/>\n<link rel=\"canonical\" href=\"https:\/\/kaasboerderijschep.nl\/de\/machen-sie-einen-spaziergang-uber-den-bauernhof\/\" \/>\n<meta property=\"og:locale\" content=\"de_DE\" \/>\n<meta property=\"og:type\" content=\"article\" \/>\n<meta property=\"og:title\" content=\"Machen Sie einen Spaziergang \u00fcber den Bauernhof - Kaasboerderij Schep\" \/>\n<meta property=\"og:description\" content=\"Das Machen einer Rundgang \u00fcber unseren Bauernhof, ist ein lustiger Ausflug f\u00fcr die ganze Familie. Es gibt viel zu sehen, zu tun und nat\u00fcrlich zu essen. F\u00fcr diejenigen, die den Bauernhof gerne selber besuchen, k\u00f6nnen Informationsschilder mit vielen Wissenswertem anschauen. Auf diese Art und Weise bekommen Sie Informationen \u00fcber die Haltung von K\u00fchen und die [&hellip;]\" \/>\n<meta property=\"og:url\" content=\"https:\/\/kaasboerderijschep.nl\/de\/machen-sie-einen-spaziergang-uber-den-bauernhof\/\" \/>\n<meta property=\"og:site_name\" content=\"Kaasboerderij Schep\" \/>\n<meta property=\"article:publisher\" content=\"https:\/\/www.facebook.com\/kaasboerderijschep\" \/>\n<meta property=\"article:modified_time\" content=\"2021-05-12T13:57:30+00:00\" \/>\n<meta property=\"og:image\" content=\"https:\/\/kaasboerderijschep.nl\/ziw\/wp-content\/uploads\/2021\/04\/1400x600ditherschep-weetje-bord-1-rianne.png\" \/>\n\t<meta property=\"og:image:width\" content=\"1400\" \/>\n\t<meta property=\"og:image:height\" content=\"600\" \/>\n\t<meta property=\"og:image:type\" content=\"image\/png\" \/>\n<meta name=\"twitter:card\" content=\"summary_large_image\" \/>\n<meta name=\"twitter:label1\" content=\"Gesch\u00e4tzte Lesezeit\" \/>\n\t<meta name=\"twitter:data1\" content=\"2 minutes\" \/>\n<!-- \/ Yoast SEO plugin. -->","yoast_head_json":{"title":"Machen Sie einen Spaziergang \u00fcber den Bauernhof - Kaasboerderij Schep","robots":{"index":"index","follow":"follow","max-snippet":"max-snippet:-1","max-image-preview":"max-image-preview:large","max-video-preview":"max-video-preview:-1"},"canonical":"https:\/\/kaasboerderijschep.nl\/de\/machen-sie-einen-spaziergang-uber-den-bauernhof\/","og_locale":"de_DE","og_type":"article","og_title":"Machen Sie einen Spaziergang \u00fcber den Bauernhof - Kaasboerderij Schep","og_description":"Das Machen einer Rundgang \u00fcber unseren Bauernhof, ist ein lustiger Ausflug f\u00fcr die ganze Familie. Es gibt viel zu sehen, zu tun und nat\u00fcrlich zu essen. F\u00fcr diejenigen, die den Bauernhof gerne selber besuchen, k\u00f6nnen Informationsschilder mit vielen Wissenswertem anschauen. Auf diese Art und Weise bekommen Sie Informationen \u00fcber die Haltung von K\u00fchen und die [&hellip;]","og_url":"https:\/\/kaasboerderijschep.nl\/de\/machen-sie-einen-spaziergang-uber-den-bauernhof\/","og_site_name":"Kaasboerderij Schep","article_publisher":"https:\/\/www.facebook.com\/kaasboerderijschep","article_modified_time":"2021-05-12T13:57:30+00:00","og_image":[{"width":1400,"height":600,"url":"https:\/\/kaasboerderijschep.nl\/ziw\/wp-content\/uploads\/2021\/04\/1400x600ditherschep-weetje-bord-1-rianne.png","type":"image\/png"}],"twitter_card":"summary_large_image","twitter_misc":{"Gesch\u00e4tzte Lesezeit":"2 minutes"},"schema":{"@context":"https:\/\/schema.org","@graph":[{"@type":"WebPage","@id":"https:\/\/kaasboerderijschep.nl\/de\/machen-sie-einen-spaziergang-uber-den-bauernhof\/","url":"https:\/\/kaasboerderijschep.nl\/de\/machen-sie-einen-spaziergang-uber-den-bauernhof\/","name":"Machen Sie einen Spaziergang \u00fcber den Bauernhof - Kaasboerderij Schep","isPartOf":{"@id":"https:\/\/kaasboerderijschep.nl\/de\/#website"},"primaryImageOfPage":{"@id":"https:\/\/kaasboerderijschep.nl\/de\/machen-sie-einen-spaziergang-uber-den-bauernhof\/#primaryimage"},"image":{"@id":"https:\/\/kaasboerderijschep.nl\/de\/machen-sie-einen-spaziergang-uber-den-bauernhof\/#primaryimage"},"thumbnailUrl":"https:\/\/kaasboerderijschep.nl\/ziw\/wp-content\/uploads\/2021\/04\/1400x600ditherschep-weetje-bord-1-rianne.png","datePublished":"2021-02-25T18:31:34+00:00","dateModified":"2021-05-12T13:57:30+00:00","breadcrumb":{"@id":"https:\/\/kaasboerderijschep.nl\/de\/machen-sie-einen-spaziergang-uber-den-bauernhof\/#breadcrumb"},"inLanguage":"de-DE","potentialAction":[{"@type":"ReadAction","target":["https:\/\/kaasboerderijschep.nl\/de\/machen-sie-einen-spaziergang-uber-den-bauernhof\/"]}]},{"@type":"ImageObject","inLanguage":"de-DE","@id":"https:\/\/kaasboerderijschep.nl\/de\/machen-sie-einen-spaziergang-uber-den-bauernhof\/#primaryimage","url":"https:\/\/kaasboerderijschep.nl\/ziw\/wp-content\/uploads\/2021\/04\/1400x600ditherschep-weetje-bord-1-rianne.png","contentUrl":"https:\/\/kaasboerderijschep.nl\/ziw\/wp-content\/uploads\/2021\/04\/1400x600ditherschep-weetje-bord-1-rianne.png","width":1400,"height":600},{"@type":"BreadcrumbList","@id":"https:\/\/kaasboerderijschep.nl\/de\/machen-sie-einen-spaziergang-uber-den-bauernhof\/#breadcrumb","itemListElement":[{"@type":"ListItem","position":1,"name":"Home","item":"https:\/\/kaasboerderijschep.nl\/de\/"},{"@type":"ListItem","position":2,"name":"Machen Sie einen Spaziergang \u00fcber den Bauernhof"}]},{"@type":"WebSite","@id":"https:\/\/kaasboerderijschep.nl\/de\/#website","url":"https:\/\/kaasboerderijschep.nl\/de\/","name":"Kaasboerderij Schep","description":"","publisher":{"@id":"https:\/\/kaasboerderijschep.nl\/de\/#organization"},"potentialAction":[{"@type":"SearchAction","target":{"@type":"EntryPoint","urlTemplate":"https:\/\/kaasboerderijschep.nl\/de\/?s={search_term_string}"},"query-input":{"@type":"PropertyValueSpecification","valueRequired":true,"valueName":"search_term_string"}}],"inLanguage":"de-DE"},{"@type":"Organization","@id":"https:\/\/kaasboerderijschep.nl\/de\/#organization","name":"Kaasboerderij Schep","url":"https:\/\/kaasboerderijschep.nl\/de\/","logo":{"@type":"ImageObject","inLanguage":"de-DE","@id":"https:\/\/kaasboerderijschep.nl\/de\/#\/schema\/logo\/image\/","url":"https:\/\/kaasboerderijschep.nl\/ziw\/wp-content\/uploads\/2021\/03\/cropped-Logo-Kaasboerderij-Schep-RGB-200x200-1.png","contentUrl":"https:\/\/kaasboerderijschep.nl\/ziw\/wp-content\/uploads\/2021\/03\/cropped-Logo-Kaasboerderij-Schep-RGB-200x200-1.png","width":512,"height":512,"caption":"Kaasboerderij Schep"},"image":{"@id":"https:\/\/kaasboerderijschep.nl\/de\/#\/schema\/logo\/image\/"},"sameAs":["https:\/\/www.facebook.com\/kaasboerderijschep","https:\/\/www.instagram.com\/kaasboerderijschep\/","https:\/\/www.linkedin.com\/company\/melkvee--en-kaasboerderij-schep\/","https:\/\/www.youtube.com\/channel\/UCwJIsxKzC6vhgMTZg5TYy6Q"]}]}},"featured_image_src":"https:\/\/kaasboerderijschep.nl\/ziw\/wp-content\/uploads\/2021\/04\/1400x600ditherschep-weetje-bord-1-rianne-600x400.png","featured_image_src_square":"https:\/\/kaasboerderijschep.nl\/ziw\/wp-content\/uploads\/2021\/04\/1400x600ditherschep-weetje-bord-1-rianne-600x600.png","_links":{"self":[{"href":"https:\/\/kaasboerderijschep.nl\/de\/wp-json\/wp\/v2\/pages\/1721","targetHints":{"allow":["GET"]}}],"collection":[{"href":"https:\/\/kaasboerderijschep.nl\/de\/wp-json\/wp\/v2\/pages"}],"about":[{"href":"https:\/\/kaasboerderijschep.nl\/de\/wp-json\/wp\/v2\/types\/page"}],"author":[{"embeddable":true,"href":"https:\/\/kaasboerderijschep.nl\/de\/wp-json\/wp\/v2\/users\/1"}],"replies":[{"embeddable":true,"href":"https:\/\/kaasboerderijschep.nl\/de\/wp-json\/wp\/v2\/comments?post=1721"}],"version-history":[{"count":6,"href":"https:\/\/kaasboerderijschep.nl\/de\/wp-json\/wp\/v2\/pages\/1721\/revisions"}],"predecessor-version":[{"id":1953,"href":"https:\/\/kaasboerderijschep.nl\/de\/wp-json\/wp\/v2\/pages\/1721\/revisions\/1953"}],"wp:featuredmedia":[{"embeddable":true,"href":"https:\/\/kaasboerderijschep.nl\/de\/wp-json\/wp\/v2\/media\/1621"}],"wp:attachment":[{"href":"https:\/\/kaasboerderijschep.nl\/de\/wp-json\/wp\/v2\/media?parent=1721"}],"curies":[{"name":"wp","href":"https:\/\/api.w.org\/{rel}","templated":true}]}}