{"id":1717,"date":"2021-02-25T18:30:38","date_gmt":"2021-02-25T17:30:38","guid":{"rendered":"https:\/\/kaasboerderijschep.nl\/familie-tourist-recreatie\/"},"modified":"2021-05-12T18:26:45","modified_gmt":"2021-05-12T16:26:45","slug":"ein-tag-bei-den-kuhen","status":"publish","type":"page","link":"https:\/\/kaasboerderijschep.nl\/de\/ein-tag-bei-den-kuhen\/","title":{"rendered":"Ein Tag bei den K\u00fchen"},"content":{"rendered":"\n<p>M\u00f6chten Sie wissen, wie man auf einem traditionellen holl\u00e4ndischen Bauernhof im \u2018Groene Hart\u2019 ((ein Naherholungs- und Naturschutzgebiet inmitten der Randstad) arbeitet? Wir begr\u00fc\u00dfen Ihnen gerne auf unserem Bauernhof. Wir geben Ihen eine F\u00fchren und lassen sie die leckere hausgemachten K\u00e4sesorten ausprobieren. F\u00fcttern Sie die K\u00fche, bewundern Sie das Milchkarussel und erfahren Sie alles \u00fcber die K\u00e4seherstellung. Wir haben auch leckeres Bauernhofeis. Es ist auch f\u00fcr Kinder toll!<\/p>\n\n\n\n<h3 class=\"wp-block-heading\">Schauen Sie sich die M\u00f6glichkeiten an:<\/h3>\n\n\n<section class=\"gb-block-post-grid featuredpage aligncenter\"><div class=\"gb-post-grid-items is-grid columns-2\"><article id=\"post-1721\" class=\"gb-post-grid-item post-1721 page type-page status-publish has-post-thumbnail entry\"><div class=\"gb-block-post-grid-image\"><a href=\"https:\/\/kaasboerderijschep.nl\/de\/machen-sie-einen-spaziergang-uber-den-bauernhof\/\" rel=\"bookmark\" aria-hidden=\"true\" tabindex=\"-1\"><img loading=\"lazy\" decoding=\"async\" width=\"600\" height=\"400\" src=\"https:\/\/kaasboerderijschep.nl\/ziw\/wp-content\/uploads\/2021\/04\/1400x600ditherschep-weetje-bord-1-rianne-600x400.png\" class=\"attachment-gb-block-post-grid-landscape size-gb-block-post-grid-landscape\" alt=\"\" \/><\/a><\/div><div class=\"gb-block-post-grid-text\"><header class=\"gb-block-post-grid-header\"><h3 class=\"gb-block-post-grid-title\"><a href=\"https:\/\/kaasboerderijschep.nl\/de\/machen-sie-einen-spaziergang-uber-den-bauernhof\/\" rel=\"bookmark\">Machen Sie einen Spaziergang \u00fcber den Bauernhof<\/a><\/h3><\/header><div class=\"gb-block-post-grid-excerpt\"><p>Das Machen einer Rundgang \u00fcber unseren Bauernhof, ist ein lustiger Ausflug f\u00fcr die ganze Familie. Es gibt viel zu sehen, zu tun und nat\u00fcrlich zu essen. F\u00fcr diejenigen, die den Bauernhof gerne selber besuchen, k\u00f6nnen Informationsschilder mit vielen Wissenswertem anschauen. Auf diese Art und Weise bekommen Sie Informationen \u00fcber die Haltung von K\u00fchen und die&hellip;<\/p>\n<p><a class=\"gb-block-post-grid-more-link gb-text-link\" href=\"https:\/\/kaasboerderijschep.nl\/de\/machen-sie-einen-spaziergang-uber-den-bauernhof\/\" rel=\"bookmark\">Weiterlesen <span class=\"screen-reader-text\">Machen Sie einen Spaziergang \u00fcber den Bauernhof<\/span><\/a><\/p><\/div><\/div><\/article>\n<article id=\"post-1724\" class=\"gb-post-grid-item post-1724 page type-page status-publish has-post-thumbnail entry\"><div class=\"gb-block-post-grid-image\"><a href=\"https:\/\/kaasboerderijschep.nl\/de\/buchen-sie-eine-gefuhrte-tour-mit-dem-bauern\/\" rel=\"bookmark\" aria-hidden=\"true\" tabindex=\"-1\"><img loading=\"lazy\" decoding=\"async\" width=\"600\" height=\"400\" src=\"https:\/\/kaasboerderijschep.nl\/ziw\/wp-content\/uploads\/2021\/04\/1400x600dither-rondleiding-20150730_113731-2-600x400.png\" class=\"attachment-gb-block-post-grid-landscape size-gb-block-post-grid-landscape\" alt=\"\" \/><\/a><\/div><div class=\"gb-block-post-grid-text\"><header class=\"gb-block-post-grid-header\"><h3 class=\"gb-block-post-grid-title\"><a href=\"https:\/\/kaasboerderijschep.nl\/de\/buchen-sie-eine-gefuhrte-tour-mit-dem-bauern\/\" rel=\"bookmark\">Buchen Sie eine gef\u00fchrte Tour mit dem Bauern<\/a><\/h3><\/header><div class=\"gb-block-post-grid-excerpt\"><p>M\u00f6chten Sie alles \u00fcber unser Unternehmen durch pers\u00f6nliche Erzahlungen des Bauers oder Bauerin wissen? Dies ist m\u00f6glich. Je nach Vereinbarung bieten wir von Montag bis Samstag F\u00fchrungen auf unserem Bauernhof an. W\u00e4hrend des Rundgangs werfen wir einen Blick auf die K\u00fche, das Melken, die K\u00e4lber und die K\u00e4seherstellung. Wir erz\u00e4hlen unseren G\u00e4sten gerne \u00fcber unseren&hellip;<\/p>\n<p><a class=\"gb-block-post-grid-more-link gb-text-link\" href=\"https:\/\/kaasboerderijschep.nl\/de\/buchen-sie-eine-gefuhrte-tour-mit-dem-bauern\/\" rel=\"bookmark\">Weiterlesen <span class=\"screen-reader-text\">Buchen Sie eine gef\u00fchrte Tour mit dem Bauern<\/span><\/a><\/p><\/div><\/div><\/article>\n<article id=\"post-1727\" class=\"gb-post-grid-item post-1727 page type-page status-publish has-post-thumbnail entry\"><div class=\"gb-block-post-grid-image\"><a href=\"https:\/\/kaasboerderijschep.nl\/de\/besuch-die-bauernhofladen\/\" rel=\"bookmark\" aria-hidden=\"true\" tabindex=\"-1\"><img loading=\"lazy\" decoding=\"async\" width=\"600\" height=\"400\" src=\"https:\/\/kaasboerderijschep.nl\/ziw\/wp-content\/uploads\/2021\/04\/1400x600dither-VERSVDBOERDERIJ-DSC_7694Jose-Donatz-boerderijwinkel-600x400.png\" class=\"attachment-gb-block-post-grid-landscape size-gb-block-post-grid-landscape\" alt=\"\" \/><\/a><\/div><div class=\"gb-block-post-grid-text\"><header class=\"gb-block-post-grid-header\"><h3 class=\"gb-block-post-grid-title\"><a href=\"https:\/\/kaasboerderijschep.nl\/de\/besuch-die-bauernhofladen\/\" rel=\"bookmark\">Frisch vom Bauernhof \u2013 Sie finden es in unserem shop!<\/a><\/h3><\/header><div class=\"gb-block-post-grid-excerpt\"><p>Wir sind ziemlich solz auf unser Betrieb. Es gibt viele leckere Dinge zur Auswahl. Neben unseren eigenen Kreationen finden Sie hier alle m\u00f6glichen Produkte aus der Region. Alles ist frisch vom Bauernhof! Sch\u00f6n, sich selbst (oder jemand anderem) ein Geschenk zu machen\u2026 Der Laden ist von Montag bis Samstag von 8.30 Uhr bis 18 Uhr&hellip;<\/p>\n<p><a class=\"gb-block-post-grid-more-link gb-text-link\" href=\"https:\/\/kaasboerderijschep.nl\/de\/besuch-die-bauernhofladen\/\" rel=\"bookmark\">Weiterlesen <span class=\"screen-reader-text\">Frisch vom Bauernhof \u2013 Sie finden es in unserem shop!<\/span><\/a><\/p><\/div><\/div><\/article>\n<article id=\"post-1739\" class=\"gb-post-grid-item post-1739 page type-page status-publish has-post-thumbnail entry\"><div class=\"gb-block-post-grid-image\"><a href=\"https:\/\/kaasboerderijschep.nl\/de\/in-der-umgebung\/\" rel=\"bookmark\" aria-hidden=\"true\" tabindex=\"-1\"><img loading=\"lazy\" decoding=\"async\" width=\"600\" height=\"400\" src=\"https:\/\/kaasboerderijschep.nl\/ziw\/wp-content\/uploads\/2021\/04\/1400x600-INDEOMGEVING-Wandelen-Krimpenerwaard-600x400.png\" class=\"attachment-gb-block-post-grid-landscape size-gb-block-post-grid-landscape\" alt=\"\" \/><\/a><\/div><div class=\"gb-block-post-grid-text\"><header class=\"gb-block-post-grid-header\"><h3 class=\"gb-block-post-grid-title\"><a href=\"https:\/\/kaasboerderijschep.nl\/de\/in-der-umgebung\/\" rel=\"bookmark\">Noch mehr in der Umgebung<\/a><\/h3><\/header><div class=\"gb-block-post-grid-excerpt\"><p>Herzlich willkommen in der \u2018Krimpenerwaard\u2018! Hier in der Umgebung gibt es viel su sehen und zu tun. Mit dem Fahrrad, zu Fu\u00df oder mit dem Auto. Sch\u00f6ne Fahrradtouren f\u00fcr junge und alte Leute., verschiedene Wanderrouten, ein Besuch in Schoonhoven und sein Silberzeug, Mussen in Haastrecht und Krimpen a\/d IJssel, Naturspielpl\u00e4tze, Spielpolder und verschiedene tolle Gastwirtschaften.&hellip;<\/p>\n<p><a class=\"gb-block-post-grid-more-link gb-text-link\" href=\"https:\/\/kaasboerderijschep.nl\/de\/in-der-umgebung\/\" rel=\"bookmark\">Weiterlesen <span class=\"screen-reader-text\">Noch mehr in der Umgebung<\/span><\/a><\/p><\/div><\/div><\/article>\n<\/div><\/section>","protected":false},"excerpt":{"rendered":"<p>M\u00f6chten Sie wissen, wie man auf einem traditionellen holl\u00e4ndischen Bauernhof im \u2018Groene Hart\u2019 ((ein Naherholungs- und Naturschutzgebiet inmitten der Randstad) arbeitet? Wir begr\u00fc\u00dfen Ihnen gerne auf unserem Bauernhof. Wir geben Ihen eine F\u00fchren und lassen sie die leckere hausgemachten K\u00e4sesorten ausprobieren. F\u00fcttern Sie die K\u00fche, bewundern Sie das Milchkarussel und erfahren Sie alles \u00fcber die [&hellip;]<\/p>\n","protected":false},"author":1,"featured_media":1618,"parent":0,"menu_order":0,"comment_status":"closed","ping_status":"closed","template":"","meta":{"_genesis_hide_title":false,"_genesis_hide_breadcrumbs":false,"_genesis_hide_singular_image":false,"_genesis_hide_footer_widgets":false,"_genesis_custom_body_class":"","_genesis_custom_post_class":"","_genesis_layout":"","footnotes":""},"class_list":{"0":"post-1717","1":"page","2":"type-page","3":"status-publish","4":"has-post-thumbnail","6":"entry"},"yoast_head":"<!-- This site is optimized with the Yoast SEO plugin v27.3 - https:\/\/yoast.com\/product\/yoast-seo-wordpress\/ -->\n<title>Ein Tag bei den K\u00fchen - Kaasboerderij Schep<\/title>\n<meta name=\"robots\" content=\"index, follow, max-snippet:-1, max-image-preview:large, max-video-preview:-1\" \/>\n<link rel=\"canonical\" href=\"https:\/\/kaasboerderijschep.nl\/de\/ein-tag-bei-den-kuhen\/\" \/>\n<meta property=\"og:locale\" content=\"de_DE\" \/>\n<meta property=\"og:type\" content=\"article\" \/>\n<meta property=\"og:title\" content=\"Ein Tag bei den K\u00fchen - Kaasboerderij Schep\" \/>\n<meta property=\"og:description\" content=\"M\u00f6chten Sie wissen, wie man auf einem traditionellen holl\u00e4ndischen Bauernhof im \u2018Groene Hart\u2019 ((ein Naherholungs- und Naturschutzgebiet inmitten der Randstad) arbeitet? Wir begr\u00fc\u00dfen Ihnen gerne auf unserem Bauernhof. Wir geben Ihen eine F\u00fchren und lassen sie die leckere hausgemachten K\u00e4sesorten ausprobieren. F\u00fcttern Sie die K\u00fche, bewundern Sie das Milchkarussel und erfahren Sie alles \u00fcber die [&hellip;]\" \/>\n<meta property=\"og:url\" content=\"https:\/\/kaasboerderijschep.nl\/de\/ein-tag-bei-den-kuhen\/\" \/>\n<meta property=\"og:site_name\" content=\"Kaasboerderij Schep\" \/>\n<meta property=\"article:publisher\" content=\"https:\/\/www.facebook.com\/kaasboerderijschep\" \/>\n<meta property=\"article:modified_time\" content=\"2021-05-12T16:26:45+00:00\" \/>\n<meta property=\"og:image\" content=\"https:\/\/kaasboerderijschep.nl\/ziw\/wp-content\/uploads\/2021\/04\/1400x600dither-HEADER-DAGTUSSENDEKOEIEN-Excursie-2.png\" \/>\n\t<meta property=\"og:image:width\" content=\"1400\" \/>\n\t<meta property=\"og:image:height\" content=\"600\" \/>\n\t<meta property=\"og:image:type\" content=\"image\/png\" \/>\n<meta name=\"twitter:card\" content=\"summary_large_image\" \/>\n<meta name=\"twitter:label1\" content=\"Gesch\u00e4tzte Lesezeit\" \/>\n\t<meta name=\"twitter:data1\" content=\"1 minute\" \/>\n<!-- \/ Yoast SEO plugin. -->","yoast_head_json":{"title":"Ein Tag bei den K\u00fchen - Kaasboerderij Schep","robots":{"index":"index","follow":"follow","max-snippet":"max-snippet:-1","max-image-preview":"max-image-preview:large","max-video-preview":"max-video-preview:-1"},"canonical":"https:\/\/kaasboerderijschep.nl\/de\/ein-tag-bei-den-kuhen\/","og_locale":"de_DE","og_type":"article","og_title":"Ein Tag bei den K\u00fchen - Kaasboerderij Schep","og_description":"M\u00f6chten Sie wissen, wie man auf einem traditionellen holl\u00e4ndischen Bauernhof im \u2018Groene Hart\u2019 ((ein Naherholungs- und Naturschutzgebiet inmitten der Randstad) arbeitet? Wir begr\u00fc\u00dfen Ihnen gerne auf unserem Bauernhof. Wir geben Ihen eine F\u00fchren und lassen sie die leckere hausgemachten K\u00e4sesorten ausprobieren. F\u00fcttern Sie die K\u00fche, bewundern Sie das Milchkarussel und erfahren Sie alles \u00fcber die [&hellip;]","og_url":"https:\/\/kaasboerderijschep.nl\/de\/ein-tag-bei-den-kuhen\/","og_site_name":"Kaasboerderij Schep","article_publisher":"https:\/\/www.facebook.com\/kaasboerderijschep","article_modified_time":"2021-05-12T16:26:45+00:00","og_image":[{"width":1400,"height":600,"url":"https:\/\/kaasboerderijschep.nl\/ziw\/wp-content\/uploads\/2021\/04\/1400x600dither-HEADER-DAGTUSSENDEKOEIEN-Excursie-2.png","type":"image\/png"}],"twitter_card":"summary_large_image","twitter_misc":{"Gesch\u00e4tzte Lesezeit":"1 minute"},"schema":{"@context":"https:\/\/schema.org","@graph":[{"@type":"WebPage","@id":"https:\/\/kaasboerderijschep.nl\/de\/ein-tag-bei-den-kuhen\/","url":"https:\/\/kaasboerderijschep.nl\/de\/ein-tag-bei-den-kuhen\/","name":"Ein Tag bei den K\u00fchen - Kaasboerderij Schep","isPartOf":{"@id":"https:\/\/kaasboerderijschep.nl\/de\/#website"},"primaryImageOfPage":{"@id":"https:\/\/kaasboerderijschep.nl\/de\/ein-tag-bei-den-kuhen\/#primaryimage"},"image":{"@id":"https:\/\/kaasboerderijschep.nl\/de\/ein-tag-bei-den-kuhen\/#primaryimage"},"thumbnailUrl":"https:\/\/kaasboerderijschep.nl\/ziw\/wp-content\/uploads\/2021\/04\/1400x600dither-HEADER-DAGTUSSENDEKOEIEN-Excursie-2.png","datePublished":"2021-02-25T17:30:38+00:00","dateModified":"2021-05-12T16:26:45+00:00","breadcrumb":{"@id":"https:\/\/kaasboerderijschep.nl\/de\/ein-tag-bei-den-kuhen\/#breadcrumb"},"inLanguage":"de-DE","potentialAction":[{"@type":"ReadAction","target":["https:\/\/kaasboerderijschep.nl\/de\/ein-tag-bei-den-kuhen\/"]}]},{"@type":"ImageObject","inLanguage":"de-DE","@id":"https:\/\/kaasboerderijschep.nl\/de\/ein-tag-bei-den-kuhen\/#primaryimage","url":"https:\/\/kaasboerderijschep.nl\/ziw\/wp-content\/uploads\/2021\/04\/1400x600dither-HEADER-DAGTUSSENDEKOEIEN-Excursie-2.png","contentUrl":"https:\/\/kaasboerderijschep.nl\/ziw\/wp-content\/uploads\/2021\/04\/1400x600dither-HEADER-DAGTUSSENDEKOEIEN-Excursie-2.png","width":1400,"height":600},{"@type":"BreadcrumbList","@id":"https:\/\/kaasboerderijschep.nl\/de\/ein-tag-bei-den-kuhen\/#breadcrumb","itemListElement":[{"@type":"ListItem","position":1,"name":"Home","item":"https:\/\/kaasboerderijschep.nl\/de\/"},{"@type":"ListItem","position":2,"name":"Ein Tag bei den K\u00fchen"}]},{"@type":"WebSite","@id":"https:\/\/kaasboerderijschep.nl\/de\/#website","url":"https:\/\/kaasboerderijschep.nl\/de\/","name":"Kaasboerderij Schep","description":"","publisher":{"@id":"https:\/\/kaasboerderijschep.nl\/de\/#organization"},"potentialAction":[{"@type":"SearchAction","target":{"@type":"EntryPoint","urlTemplate":"https:\/\/kaasboerderijschep.nl\/de\/?s={search_term_string}"},"query-input":{"@type":"PropertyValueSpecification","valueRequired":true,"valueName":"search_term_string"}}],"inLanguage":"de-DE"},{"@type":"Organization","@id":"https:\/\/kaasboerderijschep.nl\/de\/#organization","name":"Kaasboerderij Schep","url":"https:\/\/kaasboerderijschep.nl\/de\/","logo":{"@type":"ImageObject","inLanguage":"de-DE","@id":"https:\/\/kaasboerderijschep.nl\/de\/#\/schema\/logo\/image\/","url":"https:\/\/kaasboerderijschep.nl\/ziw\/wp-content\/uploads\/2021\/03\/cropped-Logo-Kaasboerderij-Schep-RGB-200x200-1.png","contentUrl":"https:\/\/kaasboerderijschep.nl\/ziw\/wp-content\/uploads\/2021\/03\/cropped-Logo-Kaasboerderij-Schep-RGB-200x200-1.png","width":512,"height":512,"caption":"Kaasboerderij Schep"},"image":{"@id":"https:\/\/kaasboerderijschep.nl\/de\/#\/schema\/logo\/image\/"},"sameAs":["https:\/\/www.facebook.com\/kaasboerderijschep","https:\/\/www.instagram.com\/kaasboerderijschep\/","https:\/\/www.linkedin.com\/company\/melkvee--en-kaasboerderij-schep\/","https:\/\/www.youtube.com\/channel\/UCwJIsxKzC6vhgMTZg5TYy6Q"]}]}},"featured_image_src":"https:\/\/kaasboerderijschep.nl\/ziw\/wp-content\/uploads\/2021\/04\/1400x600dither-HEADER-DAGTUSSENDEKOEIEN-Excursie-2-600x400.png","featured_image_src_square":"https:\/\/kaasboerderijschep.nl\/ziw\/wp-content\/uploads\/2021\/04\/1400x600dither-HEADER-DAGTUSSENDEKOEIEN-Excursie-2-600x600.png","_links":{"self":[{"href":"https:\/\/kaasboerderijschep.nl\/de\/wp-json\/wp\/v2\/pages\/1717","targetHints":{"allow":["GET"]}}],"collection":[{"href":"https:\/\/kaasboerderijschep.nl\/de\/wp-json\/wp\/v2\/pages"}],"about":[{"href":"https:\/\/kaasboerderijschep.nl\/de\/wp-json\/wp\/v2\/types\/page"}],"author":[{"embeddable":true,"href":"https:\/\/kaasboerderijschep.nl\/de\/wp-json\/wp\/v2\/users\/1"}],"replies":[{"embeddable":true,"href":"https:\/\/kaasboerderijschep.nl\/de\/wp-json\/wp\/v2\/comments?post=1717"}],"version-history":[{"count":5,"href":"https:\/\/kaasboerderijschep.nl\/de\/wp-json\/wp\/v2\/pages\/1717\/revisions"}],"predecessor-version":[{"id":2025,"href":"https:\/\/kaasboerderijschep.nl\/de\/wp-json\/wp\/v2\/pages\/1717\/revisions\/2025"}],"wp:featuredmedia":[{"embeddable":true,"href":"https:\/\/kaasboerderijschep.nl\/de\/wp-json\/wp\/v2\/media\/1618"}],"wp:attachment":[{"href":"https:\/\/kaasboerderijschep.nl\/de\/wp-json\/wp\/v2\/media?parent=1717"}],"curies":[{"name":"wp","href":"https:\/\/api.w.org\/{rel}","templated":true}]}}