{"id":1684,"date":"2021-02-25T18:15:09","date_gmt":"2021-02-25T18:15:09","guid":{"rendered":"https:\/\/kaasboerderijschep.nl\/duurzaam\/"},"modified":"2021-05-07T19:27:24","modified_gmt":"2021-05-07T17:27:24","slug":"grune-und-nachhaltige-landwirtschaft","status":"publish","type":"page","link":"https:\/\/kaasboerderijschep.nl\/de\/grune-und-nachhaltige-landwirtschaft\/","title":{"rendered":"Gr\u00fcne und nachhaltige Landwirtschaft"},"content":{"rendered":"\n<p>Als Landwirt halten wir es f\u00fcr wichtig unseren Planeten mit Respekt zu behandeln. Wir erzeugen so viel Energie wie m\u00f6glich.<\/p>\n\n\n\n<div class=\"wp-block-media-text alignwide is-stacked-on-mobile is-vertically-aligned-top is-image-fill\"><figure class=\"wp-block-media-text__media\" style=\"background-image:url(https:\/\/kaasboerderijschep.nl\/ziw\/wp-content\/uploads\/2021\/03\/DUURZAAM2-Zonnepanelen-497x1024.jpg);background-position:47% 31%\"><img loading=\"lazy\" decoding=\"async\" width=\"497\" height=\"1024\" src=\"https:\/\/kaasboerderijschep.nl\/ziw\/wp-content\/uploads\/2021\/03\/DUURZAAM2-Zonnepanelen-497x1024.jpg\" alt=\"\" class=\"wp-image-1113 size-large\" srcset=\"https:\/\/kaasboerderijschep.nl\/ziw\/wp-content\/uploads\/2021\/03\/DUURZAAM2-Zonnepanelen-497x1024.jpg 497w, https:\/\/kaasboerderijschep.nl\/ziw\/wp-content\/uploads\/2021\/03\/DUURZAAM2-Zonnepanelen-146x300.jpg 146w, https:\/\/kaasboerderijschep.nl\/ziw\/wp-content\/uploads\/2021\/03\/DUURZAAM2-Zonnepanelen.jpg 583w\" sizes=\"auto, (max-width: 497px) 100vw, 497px\" \/><\/figure><div class=\"wp-block-media-text__content\">\n<h2 class=\"wp-block-heading\">Wir erzeugen viele Energie<\/h2>\n\n\n\n<p>Auf unseren St\u00e4llen haben wir mehr als 3600 Sonnenkollektoren. Wir nutzen ca. 40% des auf unserem eigenen Bauernhof erzeugten Stroms. Der Rest bekommt das Energieunternehmen.<\/p>\n<\/div><\/div>\n\n\n\n<div style=\"color:#ddd\" class=\"wp-block-genesis-blocks-gb-spacer gb-block-spacer gb-divider-solid gb-divider-size-1\"><hr style=\"height:29px\"\/><\/div>\n\n\n\n<div class=\"wp-block-media-text alignwide has-media-on-the-right is-stacked-on-mobile is-image-fill\"><figure class=\"wp-block-media-text__media\" style=\"background-image:url(https:\/\/kaasboerderijschep.nl\/ziw\/wp-content\/uploads\/2021\/03\/DUURZAAM3-DJI_0212-1024x576.jpg);background-position:50% 50%\"><img loading=\"lazy\" decoding=\"async\" width=\"1024\" height=\"576\" src=\"https:\/\/kaasboerderijschep.nl\/ziw\/wp-content\/uploads\/2021\/03\/DUURZAAM3-DJI_0212-1024x576.jpg\" alt=\"\" class=\"wp-image-1117 size-full\" srcset=\"https:\/\/kaasboerderijschep.nl\/ziw\/wp-content\/uploads\/2021\/03\/DUURZAAM3-DJI_0212-1024x576.jpg 1024w, https:\/\/kaasboerderijschep.nl\/ziw\/wp-content\/uploads\/2021\/03\/DUURZAAM3-DJI_0212-300x169.jpg 300w, https:\/\/kaasboerderijschep.nl\/ziw\/wp-content\/uploads\/2021\/03\/DUURZAAM3-DJI_0212-768x432.jpg 768w, https:\/\/kaasboerderijschep.nl\/ziw\/wp-content\/uploads\/2021\/03\/DUURZAAM3-DJI_0212.jpg 1200w\" sizes=\"auto, (max-width: 1024px) 100vw, 1024px\" \/><\/figure><div class=\"wp-block-media-text__content\">\n<h2 class=\"wp-block-heading\">100% Sonnenkraft<\/h2>\n\n\n\n<p>Aber das ist noc nicht alles. Wir haben auch 120 Solarkollektoren auf dem Dach. Diese Kollektoren wandeln Sonnenlicht in W\u00e4rme um. Man braucht vor allem viel hei\u00dfes Wasser bei der K\u00e4seherstellung und der Reinigung der K\u00e4serei wichtig. Auf diese Art und Weise sind wir gr\u00fcn und nachhaltig.<\/p>\n<\/div><\/div>\n\n\n\n<div style=\"color:#ddd\" class=\"wp-block-genesis-blocks-gb-spacer gb-block-spacer gb-divider-solid gb-divider-size-1\"><hr style=\"height:30px\"\/><\/div>\n\n\n\n<h2 class=\"has-text-align-center wp-block-heading\"><strong>Wissenswertes<\/strong><\/h2>\n\n\n<div class=\"strong-view strong-view-id-10 modern wpmtst-modern slider-container slider-mode-fade slider-adaptive controls-type-sides controls-style-buttons\" data-count=\"0\" data-slider-var=\"strong_slider_id_10\" data-state=\"idle\"><div class=\"strong-content wpmslider-content\"><\/div><\/div>","protected":false},"excerpt":{"rendered":"<p>Als Landwirt halten wir es f\u00fcr wichtig unseren Planeten mit Respekt zu behandeln. Wir erzeugen so viel Energie wie m\u00f6glich. Wir erzeugen viele Energie Auf unseren St\u00e4llen haben wir mehr als 3600 Sonnenkollektoren. Wir nutzen ca. 40% des auf unserem eigenen Bauernhof erzeugten Stroms. Der Rest bekommt das Energieunternehmen. 100% Sonnenkraft Aber das ist noc [&hellip;]<\/p>\n","protected":false},"author":1,"featured_media":1591,"parent":0,"menu_order":0,"comment_status":"closed","ping_status":"closed","template":"","meta":{"_genesis_hide_title":false,"_genesis_hide_breadcrumbs":false,"_genesis_hide_singular_image":false,"_genesis_hide_footer_widgets":false,"_genesis_custom_body_class":"","_genesis_custom_post_class":"","_genesis_layout":"","footnotes":""},"class_list":{"0":"post-1684","1":"page","2":"type-page","3":"status-publish","4":"has-post-thumbnail","6":"entry"},"yoast_head":"<!-- This site is optimized with the Yoast SEO plugin v27.3 - https:\/\/yoast.com\/product\/yoast-seo-wordpress\/ -->\n<title>Gr\u00fcne und nachhaltige Landwirtschaft - Kaasboerderij Schep<\/title>\n<meta name=\"robots\" content=\"index, follow, max-snippet:-1, max-image-preview:large, max-video-preview:-1\" \/>\n<link rel=\"canonical\" href=\"https:\/\/kaasboerderijschep.nl\/de\/grune-und-nachhaltige-landwirtschaft\/\" \/>\n<meta property=\"og:locale\" content=\"de_DE\" \/>\n<meta property=\"og:type\" content=\"article\" \/>\n<meta property=\"og:title\" content=\"Gr\u00fcne und nachhaltige Landwirtschaft - Kaasboerderij Schep\" \/>\n<meta property=\"og:description\" content=\"Als Landwirt halten wir es f\u00fcr wichtig unseren Planeten mit Respekt zu behandeln. Wir erzeugen so viel Energie wie m\u00f6glich. Wir erzeugen viele Energie Auf unseren St\u00e4llen haben wir mehr als 3600 Sonnenkollektoren. Wir nutzen ca. 40% des auf unserem eigenen Bauernhof erzeugten Stroms. Der Rest bekommt das Energieunternehmen. 100% Sonnenkraft Aber das ist noc [&hellip;]\" \/>\n<meta property=\"og:url\" content=\"https:\/\/kaasboerderijschep.nl\/de\/grune-und-nachhaltige-landwirtschaft\/\" \/>\n<meta property=\"og:site_name\" content=\"Kaasboerderij Schep\" \/>\n<meta property=\"article:publisher\" content=\"https:\/\/www.facebook.com\/kaasboerderijschep\" \/>\n<meta property=\"article:modified_time\" content=\"2021-05-07T17:27:24+00:00\" \/>\n<meta property=\"og:image\" content=\"https:\/\/kaasboerderijschep.nl\/ziw\/wp-content\/uploads\/2021\/04\/1400x600dither-DUURZAAM1-DSC_7979Jose-Donatz-Fotografie.png\" \/>\n\t<meta property=\"og:image:width\" content=\"1400\" \/>\n\t<meta property=\"og:image:height\" content=\"599\" \/>\n\t<meta property=\"og:image:type\" content=\"image\/png\" \/>\n<meta name=\"twitter:card\" content=\"summary_large_image\" \/>\n<meta name=\"twitter:label1\" content=\"Gesch\u00e4tzte Lesezeit\" \/>\n\t<meta name=\"twitter:data1\" content=\"1 minute\" \/>\n<!-- \/ Yoast SEO plugin. -->","yoast_head_json":{"title":"Gr\u00fcne und nachhaltige Landwirtschaft - Kaasboerderij Schep","robots":{"index":"index","follow":"follow","max-snippet":"max-snippet:-1","max-image-preview":"max-image-preview:large","max-video-preview":"max-video-preview:-1"},"canonical":"https:\/\/kaasboerderijschep.nl\/de\/grune-und-nachhaltige-landwirtschaft\/","og_locale":"de_DE","og_type":"article","og_title":"Gr\u00fcne und nachhaltige Landwirtschaft - Kaasboerderij Schep","og_description":"Als Landwirt halten wir es f\u00fcr wichtig unseren Planeten mit Respekt zu behandeln. Wir erzeugen so viel Energie wie m\u00f6glich. Wir erzeugen viele Energie Auf unseren St\u00e4llen haben wir mehr als 3600 Sonnenkollektoren. Wir nutzen ca. 40% des auf unserem eigenen Bauernhof erzeugten Stroms. Der Rest bekommt das Energieunternehmen. 100% Sonnenkraft Aber das ist noc [&hellip;]","og_url":"https:\/\/kaasboerderijschep.nl\/de\/grune-und-nachhaltige-landwirtschaft\/","og_site_name":"Kaasboerderij Schep","article_publisher":"https:\/\/www.facebook.com\/kaasboerderijschep","article_modified_time":"2021-05-07T17:27:24+00:00","og_image":[{"width":1400,"height":599,"url":"https:\/\/kaasboerderijschep.nl\/ziw\/wp-content\/uploads\/2021\/04\/1400x600dither-DUURZAAM1-DSC_7979Jose-Donatz-Fotografie.png","type":"image\/png"}],"twitter_card":"summary_large_image","twitter_misc":{"Gesch\u00e4tzte Lesezeit":"1 minute"},"schema":{"@context":"https:\/\/schema.org","@graph":[{"@type":"WebPage","@id":"https:\/\/kaasboerderijschep.nl\/de\/grune-und-nachhaltige-landwirtschaft\/","url":"https:\/\/kaasboerderijschep.nl\/de\/grune-und-nachhaltige-landwirtschaft\/","name":"Gr\u00fcne und nachhaltige Landwirtschaft - Kaasboerderij Schep","isPartOf":{"@id":"https:\/\/kaasboerderijschep.nl\/de\/#website"},"primaryImageOfPage":{"@id":"https:\/\/kaasboerderijschep.nl\/de\/grune-und-nachhaltige-landwirtschaft\/#primaryimage"},"image":{"@id":"https:\/\/kaasboerderijschep.nl\/de\/grune-und-nachhaltige-landwirtschaft\/#primaryimage"},"thumbnailUrl":"https:\/\/kaasboerderijschep.nl\/ziw\/wp-content\/uploads\/2021\/04\/1400x600dither-DUURZAAM1-DSC_7979Jose-Donatz-Fotografie.png","datePublished":"2021-02-25T18:15:09+00:00","dateModified":"2021-05-07T17:27:24+00:00","breadcrumb":{"@id":"https:\/\/kaasboerderijschep.nl\/de\/grune-und-nachhaltige-landwirtschaft\/#breadcrumb"},"inLanguage":"de-DE","potentialAction":[{"@type":"ReadAction","target":["https:\/\/kaasboerderijschep.nl\/de\/grune-und-nachhaltige-landwirtschaft\/"]}]},{"@type":"ImageObject","inLanguage":"de-DE","@id":"https:\/\/kaasboerderijschep.nl\/de\/grune-und-nachhaltige-landwirtschaft\/#primaryimage","url":"https:\/\/kaasboerderijschep.nl\/ziw\/wp-content\/uploads\/2021\/04\/1400x600dither-DUURZAAM1-DSC_7979Jose-Donatz-Fotografie.png","contentUrl":"https:\/\/kaasboerderijschep.nl\/ziw\/wp-content\/uploads\/2021\/04\/1400x600dither-DUURZAAM1-DSC_7979Jose-Donatz-Fotografie.png","width":1400,"height":599},{"@type":"BreadcrumbList","@id":"https:\/\/kaasboerderijschep.nl\/de\/grune-und-nachhaltige-landwirtschaft\/#breadcrumb","itemListElement":[{"@type":"ListItem","position":1,"name":"Home","item":"https:\/\/kaasboerderijschep.nl\/de\/"},{"@type":"ListItem","position":2,"name":"Gr\u00fcne und nachhaltige Landwirtschaft"}]},{"@type":"WebSite","@id":"https:\/\/kaasboerderijschep.nl\/de\/#website","url":"https:\/\/kaasboerderijschep.nl\/de\/","name":"Kaasboerderij Schep","description":"","publisher":{"@id":"https:\/\/kaasboerderijschep.nl\/de\/#organization"},"potentialAction":[{"@type":"SearchAction","target":{"@type":"EntryPoint","urlTemplate":"https:\/\/kaasboerderijschep.nl\/de\/?s={search_term_string}"},"query-input":{"@type":"PropertyValueSpecification","valueRequired":true,"valueName":"search_term_string"}}],"inLanguage":"de-DE"},{"@type":"Organization","@id":"https:\/\/kaasboerderijschep.nl\/de\/#organization","name":"Kaasboerderij Schep","url":"https:\/\/kaasboerderijschep.nl\/de\/","logo":{"@type":"ImageObject","inLanguage":"de-DE","@id":"https:\/\/kaasboerderijschep.nl\/de\/#\/schema\/logo\/image\/","url":"https:\/\/kaasboerderijschep.nl\/ziw\/wp-content\/uploads\/2021\/03\/cropped-Logo-Kaasboerderij-Schep-RGB-200x200-1.png","contentUrl":"https:\/\/kaasboerderijschep.nl\/ziw\/wp-content\/uploads\/2021\/03\/cropped-Logo-Kaasboerderij-Schep-RGB-200x200-1.png","width":512,"height":512,"caption":"Kaasboerderij Schep"},"image":{"@id":"https:\/\/kaasboerderijschep.nl\/de\/#\/schema\/logo\/image\/"},"sameAs":["https:\/\/www.facebook.com\/kaasboerderijschep","https:\/\/www.instagram.com\/kaasboerderijschep\/","https:\/\/www.linkedin.com\/company\/melkvee--en-kaasboerderij-schep\/","https:\/\/www.youtube.com\/channel\/UCwJIsxKzC6vhgMTZg5TYy6Q"]}]}},"featured_image_src":"https:\/\/kaasboerderijschep.nl\/ziw\/wp-content\/uploads\/2021\/04\/1400x600dither-DUURZAAM1-DSC_7979Jose-Donatz-Fotografie-600x400.png","featured_image_src_square":"https:\/\/kaasboerderijschep.nl\/ziw\/wp-content\/uploads\/2021\/04\/1400x600dither-DUURZAAM1-DSC_7979Jose-Donatz-Fotografie-600x599.png","_links":{"self":[{"href":"https:\/\/kaasboerderijschep.nl\/de\/wp-json\/wp\/v2\/pages\/1684","targetHints":{"allow":["GET"]}}],"collection":[{"href":"https:\/\/kaasboerderijschep.nl\/de\/wp-json\/wp\/v2\/pages"}],"about":[{"href":"https:\/\/kaasboerderijschep.nl\/de\/wp-json\/wp\/v2\/types\/page"}],"author":[{"embeddable":true,"href":"https:\/\/kaasboerderijschep.nl\/de\/wp-json\/wp\/v2\/users\/1"}],"replies":[{"embeddable":true,"href":"https:\/\/kaasboerderijschep.nl\/de\/wp-json\/wp\/v2\/comments?post=1684"}],"version-history":[{"count":3,"href":"https:\/\/kaasboerderijschep.nl\/de\/wp-json\/wp\/v2\/pages\/1684\/revisions"}],"predecessor-version":[{"id":1884,"href":"https:\/\/kaasboerderijschep.nl\/de\/wp-json\/wp\/v2\/pages\/1684\/revisions\/1884"}],"wp:featuredmedia":[{"embeddable":true,"href":"https:\/\/kaasboerderijschep.nl\/de\/wp-json\/wp\/v2\/media\/1591"}],"wp:attachment":[{"href":"https:\/\/kaasboerderijschep.nl\/de\/wp-json\/wp\/v2\/media?parent=1684"}],"curies":[{"name":"wp","href":"https:\/\/api.w.org\/{rel}","templated":true}]}}