{"id":1669,"date":"2021-02-25T18:03:27","date_gmt":"2021-02-25T18:03:27","guid":{"rendered":"https:\/\/kaasboerderijschep.nl\/ons-vee\/"},"modified":"2021-05-07T19:25:42","modified_gmt":"2021-05-07T17:25:42","slug":"unsere-milchkuhe","status":"publish","type":"page","link":"https:\/\/kaasboerderijschep.nl\/de\/unsere-milchkuhe\/","title":{"rendered":"Unsere Milchk\u00fche"},"content":{"rendered":"\n<p>Unsere K\u00fche sind Holstein-Rind. Sie leben mit 600 K\u00fchen in einem Laufstall. Im Stall k\u00f6nnen die K\u00fche frei herumlaufen und wenn sie m\u00fcde sind, finden sie einen Platz zum Ausruhen und Wiederk\u00e4uen.<\/p>\n\n\n\n<h2 class=\"wp-block-heading\">Drinnen oder drau\u00dfen?<\/h2>\n\n\n\n<p>Die K\u00fche sind von Mitte April bis zum Mitte Oktober tags\u00fcber auf der Wiese. Im Winter bleiben sie im Stall. Im Stall fressen sie Grassilage, Mais, Treber, Pressschnitzel, Vitamine, Mineralien und ungef\u00e4hr 5 Kilogramm Kraftfutter.<br>Der erste Tag, wenn die K\u00fche wieder nach drau\u00dfen d\u00fcrfen, nennen wir \u2018Koeiendans\u2019. Dies bedeutet, dass die K\u00fche dann fr\u00f6hlich durch das Gras laufen und springen. Dies ist ein wunderbarer Moment und jedes Jahr ein gro\u00dfes Ereignis auf unseren Bauernhof. Sie sind herzlich willkommen dies in der Praxis zu erfahren.<\/p>\n\n\n\n<div style=\"text-align:center\" class=\"wp-block-genesis-blocks-gb-button gb-block-button\"><a href=\"https:\/\/kaasboerderijschep.nl\/de\/machen-sie-einen-spaziergang-uber-den-bauernhof\/\" class=\"gb-button gb-button-shape-circular gb-button-size-medium\" style=\"color:#ffffff;background-color:#cd1719\">Komm und besuche uns!<\/a><\/div>\n\n\n\n<div style=\"color:#ddd\" class=\"wp-block-genesis-blocks-gb-spacer gb-block-spacer gb-divider-solid gb-divider-size-1\"><hr style=\"height:30px\"\/><\/div>\n\n\n\n<div class=\"wp-block-media-text has-media-on-the-right is-stacked-on-mobile is-image-fill\"><figure class=\"wp-block-media-text__media\" style=\"background-image:url(https:\/\/kaasboerderijschep.nl\/ziw\/wp-content\/uploads\/2021\/03\/hippe-koe-buiten-zilvervink-768x1024.jpg);background-position:50% 50%\"><img loading=\"lazy\" decoding=\"async\" width=\"768\" height=\"1024\" src=\"https:\/\/kaasboerderijschep.nl\/ziw\/wp-content\/uploads\/2021\/03\/hippe-koe-buiten-zilvervink-768x1024.jpg\" alt=\"\" class=\"wp-image-973 size-full\" srcset=\"https:\/\/kaasboerderijschep.nl\/ziw\/wp-content\/uploads\/2021\/03\/hippe-koe-buiten-zilvervink-768x1024.jpg 768w, https:\/\/kaasboerderijschep.nl\/ziw\/wp-content\/uploads\/2021\/03\/hippe-koe-buiten-zilvervink-225x300.jpg 225w, https:\/\/kaasboerderijschep.nl\/ziw\/wp-content\/uploads\/2021\/03\/hippe-koe-buiten-zilvervink-1152x1536.jpg 1152w, https:\/\/kaasboerderijschep.nl\/ziw\/wp-content\/uploads\/2021\/03\/hippe-koe-buiten-zilvervink.jpg 1200w\" sizes=\"auto, (max-width: 768px) 100vw, 768px\" \/><\/figure><div class=\"wp-block-media-text__content\">\n<h2 class=\"wp-block-heading\">K\u00fche und Technik<\/h2>\n\n\n\n<p class=\"has-normal-font-size\">Jede Kuh hat eine Fu\u00dffessel mit einem blauen Sendeger\u00e4t. Auf diese Art und Weise bekommen wir Informationen \u00fcber die Milchliteranzahl und Schrittanzahl. Wenn die Anzahlen vom Norm abweichen, kontrollieren wir, ob die Kuh krank ist oder befr\u00fcchtet werden kann. Auch bekommt jede Kuh eine bestimmte Menge Futter.<\/p>\n<\/div><\/div>\n\n\n\n<div style=\"color:#ddd\" class=\"wp-block-genesis-blocks-gb-spacer gb-block-spacer gb-divider-solid gb-divider-size-1\"><hr style=\"height:30px\"\/><\/div>\n\n\n\n<div class=\"wp-block-media-text is-stacked-on-mobile is-vertically-aligned-top is-image-fill\"><figure class=\"wp-block-media-text__media\" style=\"background-image:url(https:\/\/kaasboerderijschep.nl\/ziw\/wp-content\/uploads\/2021\/03\/TIJD-OM-TE-MELKEN.-DSC_5487Jose-Donatz-Fotografie-1024x681.jpg);background-position:28.999999999999996% 97%\"><img loading=\"lazy\" decoding=\"async\" width=\"1024\" height=\"681\" src=\"https:\/\/kaasboerderijschep.nl\/ziw\/wp-content\/uploads\/2021\/03\/TIJD-OM-TE-MELKEN.-DSC_5487Jose-Donatz-Fotografie-1024x681.jpg\" alt=\"\" class=\"wp-image-981 size-full\" srcset=\"https:\/\/kaasboerderijschep.nl\/ziw\/wp-content\/uploads\/2021\/03\/TIJD-OM-TE-MELKEN.-DSC_5487Jose-Donatz-Fotografie-1024x681.jpg 1024w, https:\/\/kaasboerderijschep.nl\/ziw\/wp-content\/uploads\/2021\/03\/TIJD-OM-TE-MELKEN.-DSC_5487Jose-Donatz-Fotografie-300x200.jpg 300w, https:\/\/kaasboerderijschep.nl\/ziw\/wp-content\/uploads\/2021\/03\/TIJD-OM-TE-MELKEN.-DSC_5487Jose-Donatz-Fotografie-768x511.jpg 768w, https:\/\/kaasboerderijschep.nl\/ziw\/wp-content\/uploads\/2021\/03\/TIJD-OM-TE-MELKEN.-DSC_5487Jose-Donatz-Fotografie-600x400.jpg 600w, https:\/\/kaasboerderijschep.nl\/ziw\/wp-content\/uploads\/2021\/03\/TIJD-OM-TE-MELKEN.-DSC_5487Jose-Donatz-Fotografie.jpg 1200w\" sizes=\"auto, (max-width: 1024px) 100vw, 1024px\" \/><\/figure><div class=\"wp-block-media-text__content\">\n<h2 class=\"wp-block-heading\">Zeit zum Melken<\/h2>\n\n\n\n<p>Zweimal t\u00e4glich, fr\u00fchmorgens und nachmittags um 14.30 Uhr, werden unsere K\u00fche in dem 24-St\u00e4nde-Rotations Melkanlage gemolken. In diesem Rotationsmelkanlage k\u00f6nnen gleichzeitig 24 K\u00fche gemolken werden. In dem Stall k\u00f6nnen Sie dieses Prozess bewundern.<\/p>\n<\/div><\/div>\n\n\n\n<div style=\"color:#ddd\" class=\"wp-block-genesis-blocks-gb-spacer gb-block-spacer gb-divider-solid gb-divider-size-1\"><hr style=\"height:30px\"\/><\/div>\n\n\n\n<div class=\"wp-block-media-text has-media-on-the-right is-stacked-on-mobile is-vertically-aligned-top is-image-fill\"><figure class=\"wp-block-media-text__media\" style=\"background-image:url(https:\/\/kaasboerderijschep.nl\/ziw\/wp-content\/uploads\/2021\/03\/jong-vee-onze-toekonsschep-kalf-1024x1024.jpg);background-position:38% 56.99999999999999%\"><img loading=\"lazy\" decoding=\"async\" width=\"1024\" height=\"1024\" src=\"https:\/\/kaasboerderijschep.nl\/ziw\/wp-content\/uploads\/2021\/03\/jong-vee-onze-toekonsschep-kalf-1024x1024.jpg\" alt=\"\" class=\"wp-image-987 size-full\" srcset=\"https:\/\/kaasboerderijschep.nl\/ziw\/wp-content\/uploads\/2021\/03\/jong-vee-onze-toekonsschep-kalf-1024x1024.jpg 1024w, https:\/\/kaasboerderijschep.nl\/ziw\/wp-content\/uploads\/2021\/03\/jong-vee-onze-toekonsschep-kalf-300x300.jpg 300w, https:\/\/kaasboerderijschep.nl\/ziw\/wp-content\/uploads\/2021\/03\/jong-vee-onze-toekonsschep-kalf-150x150.jpg 150w, https:\/\/kaasboerderijschep.nl\/ziw\/wp-content\/uploads\/2021\/03\/jong-vee-onze-toekonsschep-kalf-768x768.jpg 768w, https:\/\/kaasboerderijschep.nl\/ziw\/wp-content\/uploads\/2021\/03\/jong-vee-onze-toekonsschep-kalf-75x75.jpg 75w, https:\/\/kaasboerderijschep.nl\/ziw\/wp-content\/uploads\/2021\/03\/jong-vee-onze-toekonsschep-kalf-600x600.jpg 600w, https:\/\/kaasboerderijschep.nl\/ziw\/wp-content\/uploads\/2021\/03\/jong-vee-onze-toekonsschep-kalf.jpg 1200w\" sizes=\"auto, (max-width: 1024px) 100vw, 1024px\" \/><\/figure><div class=\"wp-block-media-text__content\">\n<h2 class=\"wp-block-heading\">Jungvieh, unser Zukunft<\/h2>\n\n\n\n<p>Da wir die K\u00fche wegen ihr Milch haben, bekommen alle K\u00fche jedes Jahr ein Kalb. Nach zwei Wochen verlassen die Bullenk\u00e4lber den Bauernhof. Die anderen K\u00e4lber (Kuhk\u00e4lber) sind unsere Zukunft. Nach zwei Jahren bekommen sie selber ein eigenes Kalb und fangen dann an Milch zu produzieren. Nach zehn Monaten bringen wir sie zu einem Zuchtbetrieb, wo sie wachsen bis zum Jungrind (ein einj\u00e4hriges Kalb). Danach werden sie befr\u00fcchtet und hei\u00dfen sie F\u00e4rse. Kurz bevor das Kalb geboren wird, kehren sie auf unseren Bauernhof zur\u00fcck.<\/p>\n<\/div><\/div>\n\n\n\n<div style=\"color:#ddd\" class=\"wp-block-genesis-blocks-gb-spacer gb-block-spacer gb-divider-solid gb-divider-size-1\"><hr style=\"height:30px\"\/><\/div>\n\n\n\n<h2 class=\"has-text-align-center wp-block-heading\"><strong>Wissenswertes<\/strong><\/h2>\n\n\n<div class=\"strong-view strong-view-id-7 modern wpmtst-modern slider-container slider-mode-fade slider-adaptive controls-type-sides controls-style-buttons\" data-count=\"0\" data-slider-var=\"strong_slider_id_7\" data-state=\"idle\"><div class=\"strong-content wpmslider-content\"><\/div><\/div>\n\n\n<figure class=\"wp-block-gallery columns-3 is-cropped wp-block-gallery-2 is-layout-flex wp-block-gallery-is-layout-flex\"><ul class=\"blocks-gallery-grid\"><li class=\"blocks-gallery-item\"><figure><img loading=\"lazy\" decoding=\"async\" width=\"300\" height=\"300\" src=\"https:\/\/kaasboerderijschep.nl\/ziw\/wp-content\/uploads\/2021\/03\/JONGVEE-kalverstraat-300x300.jpg\" alt=\"\" data-id=\"1006\" data-full-url=\"https:\/\/kaasboerderijschep.nl\/ziw\/wp-content\/uploads\/2021\/03\/JONGVEE-kalverstraat.jpg\" data-link=\"https:\/\/kaasboerderijschep.nl\/ziw\/ons-vee\/jongvee-kalverstraat\/\" class=\"wp-image-1006\" srcset=\"https:\/\/kaasboerderijschep.nl\/ziw\/wp-content\/uploads\/2021\/03\/JONGVEE-kalverstraat-300x300.jpg 300w, https:\/\/kaasboerderijschep.nl\/ziw\/wp-content\/uploads\/2021\/03\/JONGVEE-kalverstraat-1024x1024.jpg 1024w, https:\/\/kaasboerderijschep.nl\/ziw\/wp-content\/uploads\/2021\/03\/JONGVEE-kalverstraat-150x150.jpg 150w, https:\/\/kaasboerderijschep.nl\/ziw\/wp-content\/uploads\/2021\/03\/JONGVEE-kalverstraat-768x768.jpg 768w, https:\/\/kaasboerderijschep.nl\/ziw\/wp-content\/uploads\/2021\/03\/JONGVEE-kalverstraat-75x75.jpg 75w, https:\/\/kaasboerderijschep.nl\/ziw\/wp-content\/uploads\/2021\/03\/JONGVEE-kalverstraat-600x600.jpg 600w, https:\/\/kaasboerderijschep.nl\/ziw\/wp-content\/uploads\/2021\/03\/JONGVEE-kalverstraat.jpg 1200w\" sizes=\"auto, (max-width: 300px) 100vw, 300px\" \/><\/figure><\/li><li class=\"blocks-gallery-item\"><figure><img loading=\"lazy\" decoding=\"async\" width=\"300\" height=\"300\" src=\"https:\/\/kaasboerderijschep.nl\/ziw\/wp-content\/uploads\/2021\/03\/ONZE-BOERDERIJschep-bord-300x300.jpg\" alt=\"\" data-id=\"1009\" data-full-url=\"https:\/\/kaasboerderijschep.nl\/ziw\/wp-content\/uploads\/2021\/03\/ONZE-BOERDERIJschep-bord.jpg\" data-link=\"https:\/\/kaasboerderijschep.nl\/ziw\/ons-vee\/onze-boerderijschep-bord\/\" class=\"wp-image-1009\" srcset=\"https:\/\/kaasboerderijschep.nl\/ziw\/wp-content\/uploads\/2021\/03\/ONZE-BOERDERIJschep-bord-300x300.jpg 300w, https:\/\/kaasboerderijschep.nl\/ziw\/wp-content\/uploads\/2021\/03\/ONZE-BOERDERIJschep-bord-1024x1024.jpg 1024w, https:\/\/kaasboerderijschep.nl\/ziw\/wp-content\/uploads\/2021\/03\/ONZE-BOERDERIJschep-bord-150x150.jpg 150w, https:\/\/kaasboerderijschep.nl\/ziw\/wp-content\/uploads\/2021\/03\/ONZE-BOERDERIJschep-bord-768x768.jpg 768w, https:\/\/kaasboerderijschep.nl\/ziw\/wp-content\/uploads\/2021\/03\/ONZE-BOERDERIJschep-bord-75x75.jpg 75w, https:\/\/kaasboerderijschep.nl\/ziw\/wp-content\/uploads\/2021\/03\/ONZE-BOERDERIJschep-bord-600x600.jpg 600w, https:\/\/kaasboerderijschep.nl\/ziw\/wp-content\/uploads\/2021\/03\/ONZE-BOERDERIJschep-bord.jpg 1200w\" sizes=\"auto, (max-width: 300px) 100vw, 300px\" \/><\/figure><\/li><li class=\"blocks-gallery-item\"><figure><img loading=\"lazy\" decoding=\"async\" width=\"300\" height=\"225\" src=\"https:\/\/kaasboerderijschep.nl\/ziw\/wp-content\/uploads\/2021\/03\/ONZEBOERDERIJ-KIP-20200706_222320-300x225.jpg\" alt=\"\" data-id=\"1012\" data-full-url=\"https:\/\/kaasboerderijschep.nl\/ziw\/wp-content\/uploads\/2021\/03\/ONZEBOERDERIJ-KIP-20200706_222320.jpg\" data-link=\"https:\/\/kaasboerderijschep.nl\/ziw\/ons-vee\/onzeboerderij-kip-20200706_222320\/\" class=\"wp-image-1012\" srcset=\"https:\/\/kaasboerderijschep.nl\/ziw\/wp-content\/uploads\/2021\/03\/ONZEBOERDERIJ-KIP-20200706_222320-300x225.jpg 300w, https:\/\/kaasboerderijschep.nl\/ziw\/wp-content\/uploads\/2021\/03\/ONZEBOERDERIJ-KIP-20200706_222320-1024x768.jpg 1024w, https:\/\/kaasboerderijschep.nl\/ziw\/wp-content\/uploads\/2021\/03\/ONZEBOERDERIJ-KIP-20200706_222320-768x576.jpg 768w, https:\/\/kaasboerderijschep.nl\/ziw\/wp-content\/uploads\/2021\/03\/ONZEBOERDERIJ-KIP-20200706_222320-702x526.jpg 702w, https:\/\/kaasboerderijschep.nl\/ziw\/wp-content\/uploads\/2021\/03\/ONZEBOERDERIJ-KIP-20200706_222320.jpg 1200w\" sizes=\"auto, (max-width: 300px) 100vw, 300px\" \/><\/figure><\/li><\/ul><\/figure>\n","protected":false},"excerpt":{"rendered":"<p>Unsere K\u00fche sind Holstein-Rind. Sie leben mit 600 K\u00fchen in einem Laufstall. Im Stall k\u00f6nnen die K\u00fche frei herumlaufen und wenn sie m\u00fcde sind, finden sie einen Platz zum Ausruhen und Wiederk\u00e4uen. Drinnen oder drau\u00dfen? Die K\u00fche sind von Mitte April bis zum Mitte Oktober tags\u00fcber auf der Wiese. Im Winter bleiben sie im Stall. [&hellip;]<\/p>\n","protected":false},"author":1,"featured_media":1660,"parent":0,"menu_order":0,"comment_status":"closed","ping_status":"closed","template":"","meta":{"_genesis_hide_title":false,"_genesis_hide_breadcrumbs":false,"_genesis_hide_singular_image":false,"_genesis_hide_footer_widgets":false,"_genesis_custom_body_class":"","_genesis_custom_post_class":"","_genesis_layout":"","footnotes":""},"class_list":{"0":"post-1669","1":"page","2":"type-page","3":"status-publish","4":"has-post-thumbnail","6":"entry"},"yoast_head":"<!-- This site is optimized with the Yoast SEO plugin v27.3 - https:\/\/yoast.com\/product\/yoast-seo-wordpress\/ -->\n<title>Unsere Milchk\u00fche - Kaasboerderij Schep<\/title>\n<meta name=\"robots\" content=\"index, follow, max-snippet:-1, max-image-preview:large, max-video-preview:-1\" \/>\n<link rel=\"canonical\" href=\"https:\/\/kaasboerderijschep.nl\/de\/unsere-milchkuhe\/\" \/>\n<meta property=\"og:locale\" content=\"de_DE\" \/>\n<meta property=\"og:type\" content=\"article\" \/>\n<meta property=\"og:title\" content=\"Unsere Milchk\u00fche - Kaasboerderij Schep\" \/>\n<meta property=\"og:description\" content=\"Unsere K\u00fche sind Holstein-Rind. Sie leben mit 600 K\u00fchen in einem Laufstall. Im Stall k\u00f6nnen die K\u00fche frei herumlaufen und wenn sie m\u00fcde sind, finden sie einen Platz zum Ausruhen und Wiederk\u00e4uen. Drinnen oder drau\u00dfen? Die K\u00fche sind von Mitte April bis zum Mitte Oktober tags\u00fcber auf der Wiese. Im Winter bleiben sie im Stall. [&hellip;]\" \/>\n<meta property=\"og:url\" content=\"https:\/\/kaasboerderijschep.nl\/de\/unsere-milchkuhe\/\" \/>\n<meta property=\"og:site_name\" content=\"Kaasboerderij Schep\" \/>\n<meta property=\"article:publisher\" content=\"https:\/\/www.facebook.com\/kaasboerderijschep\" \/>\n<meta property=\"article:modified_time\" content=\"2021-05-07T17:25:42+00:00\" \/>\n<meta property=\"og:image\" content=\"https:\/\/kaasboerderijschep.nl\/ziw\/wp-content\/uploads\/2021\/05\/1400x600-dither-header-onsvee_DSC3573Jose-Donatz-Fotografie.jpg\" \/>\n\t<meta property=\"og:image:width\" content=\"1400\" \/>\n\t<meta property=\"og:image:height\" content=\"600\" \/>\n\t<meta property=\"og:image:type\" content=\"image\/jpeg\" \/>\n<meta name=\"twitter:card\" content=\"summary_large_image\" \/>\n<meta name=\"twitter:label1\" content=\"Gesch\u00e4tzte Lesezeit\" \/>\n\t<meta name=\"twitter:data1\" content=\"3 minutes\" \/>\n<!-- \/ Yoast SEO plugin. -->","yoast_head_json":{"title":"Unsere Milchk\u00fche - Kaasboerderij Schep","robots":{"index":"index","follow":"follow","max-snippet":"max-snippet:-1","max-image-preview":"max-image-preview:large","max-video-preview":"max-video-preview:-1"},"canonical":"https:\/\/kaasboerderijschep.nl\/de\/unsere-milchkuhe\/","og_locale":"de_DE","og_type":"article","og_title":"Unsere Milchk\u00fche - Kaasboerderij Schep","og_description":"Unsere K\u00fche sind Holstein-Rind. Sie leben mit 600 K\u00fchen in einem Laufstall. Im Stall k\u00f6nnen die K\u00fche frei herumlaufen und wenn sie m\u00fcde sind, finden sie einen Platz zum Ausruhen und Wiederk\u00e4uen. Drinnen oder drau\u00dfen? Die K\u00fche sind von Mitte April bis zum Mitte Oktober tags\u00fcber auf der Wiese. Im Winter bleiben sie im Stall. [&hellip;]","og_url":"https:\/\/kaasboerderijschep.nl\/de\/unsere-milchkuhe\/","og_site_name":"Kaasboerderij Schep","article_publisher":"https:\/\/www.facebook.com\/kaasboerderijschep","article_modified_time":"2021-05-07T17:25:42+00:00","og_image":[{"width":1400,"height":600,"url":"https:\/\/kaasboerderijschep.nl\/ziw\/wp-content\/uploads\/2021\/05\/1400x600-dither-header-onsvee_DSC3573Jose-Donatz-Fotografie.jpg","type":"image\/jpeg"}],"twitter_card":"summary_large_image","twitter_misc":{"Gesch\u00e4tzte Lesezeit":"3 minutes"},"schema":{"@context":"https:\/\/schema.org","@graph":[{"@type":"WebPage","@id":"https:\/\/kaasboerderijschep.nl\/de\/unsere-milchkuhe\/","url":"https:\/\/kaasboerderijschep.nl\/de\/unsere-milchkuhe\/","name":"Unsere Milchk\u00fche - Kaasboerderij Schep","isPartOf":{"@id":"https:\/\/kaasboerderijschep.nl\/de\/#website"},"primaryImageOfPage":{"@id":"https:\/\/kaasboerderijschep.nl\/de\/unsere-milchkuhe\/#primaryimage"},"image":{"@id":"https:\/\/kaasboerderijschep.nl\/de\/unsere-milchkuhe\/#primaryimage"},"thumbnailUrl":"https:\/\/kaasboerderijschep.nl\/ziw\/wp-content\/uploads\/2021\/05\/1400x600-dither-header-onsvee_DSC3573Jose-Donatz-Fotografie.jpg","datePublished":"2021-02-25T18:03:27+00:00","dateModified":"2021-05-07T17:25:42+00:00","breadcrumb":{"@id":"https:\/\/kaasboerderijschep.nl\/de\/unsere-milchkuhe\/#breadcrumb"},"inLanguage":"de-DE","potentialAction":[{"@type":"ReadAction","target":["https:\/\/kaasboerderijschep.nl\/de\/unsere-milchkuhe\/"]}]},{"@type":"ImageObject","inLanguage":"de-DE","@id":"https:\/\/kaasboerderijschep.nl\/de\/unsere-milchkuhe\/#primaryimage","url":"https:\/\/kaasboerderijschep.nl\/ziw\/wp-content\/uploads\/2021\/05\/1400x600-dither-header-onsvee_DSC3573Jose-Donatz-Fotografie.jpg","contentUrl":"https:\/\/kaasboerderijschep.nl\/ziw\/wp-content\/uploads\/2021\/05\/1400x600-dither-header-onsvee_DSC3573Jose-Donatz-Fotografie.jpg","width":1400,"height":600},{"@type":"BreadcrumbList","@id":"https:\/\/kaasboerderijschep.nl\/de\/unsere-milchkuhe\/#breadcrumb","itemListElement":[{"@type":"ListItem","position":1,"name":"Home","item":"https:\/\/kaasboerderijschep.nl\/de\/"},{"@type":"ListItem","position":2,"name":"Unsere Milchk\u00fche"}]},{"@type":"WebSite","@id":"https:\/\/kaasboerderijschep.nl\/de\/#website","url":"https:\/\/kaasboerderijschep.nl\/de\/","name":"Kaasboerderij Schep","description":"","publisher":{"@id":"https:\/\/kaasboerderijschep.nl\/de\/#organization"},"potentialAction":[{"@type":"SearchAction","target":{"@type":"EntryPoint","urlTemplate":"https:\/\/kaasboerderijschep.nl\/de\/?s={search_term_string}"},"query-input":{"@type":"PropertyValueSpecification","valueRequired":true,"valueName":"search_term_string"}}],"inLanguage":"de-DE"},{"@type":"Organization","@id":"https:\/\/kaasboerderijschep.nl\/de\/#organization","name":"Kaasboerderij Schep","url":"https:\/\/kaasboerderijschep.nl\/de\/","logo":{"@type":"ImageObject","inLanguage":"de-DE","@id":"https:\/\/kaasboerderijschep.nl\/de\/#\/schema\/logo\/image\/","url":"https:\/\/kaasboerderijschep.nl\/ziw\/wp-content\/uploads\/2021\/03\/cropped-Logo-Kaasboerderij-Schep-RGB-200x200-1.png","contentUrl":"https:\/\/kaasboerderijschep.nl\/ziw\/wp-content\/uploads\/2021\/03\/cropped-Logo-Kaasboerderij-Schep-RGB-200x200-1.png","width":512,"height":512,"caption":"Kaasboerderij Schep"},"image":{"@id":"https:\/\/kaasboerderijschep.nl\/de\/#\/schema\/logo\/image\/"},"sameAs":["https:\/\/www.facebook.com\/kaasboerderijschep","https:\/\/www.instagram.com\/kaasboerderijschep\/","https:\/\/www.linkedin.com\/company\/melkvee--en-kaasboerderij-schep\/","https:\/\/www.youtube.com\/channel\/UCwJIsxKzC6vhgMTZg5TYy6Q"]}]}},"featured_image_src":"https:\/\/kaasboerderijschep.nl\/ziw\/wp-content\/uploads\/2021\/05\/1400x600-dither-header-onsvee_DSC3573Jose-Donatz-Fotografie-600x400.jpg","featured_image_src_square":"https:\/\/kaasboerderijschep.nl\/ziw\/wp-content\/uploads\/2021\/05\/1400x600-dither-header-onsvee_DSC3573Jose-Donatz-Fotografie-600x600.jpg","_links":{"self":[{"href":"https:\/\/kaasboerderijschep.nl\/de\/wp-json\/wp\/v2\/pages\/1669","targetHints":{"allow":["GET"]}}],"collection":[{"href":"https:\/\/kaasboerderijschep.nl\/de\/wp-json\/wp\/v2\/pages"}],"about":[{"href":"https:\/\/kaasboerderijschep.nl\/de\/wp-json\/wp\/v2\/types\/page"}],"author":[{"embeddable":true,"href":"https:\/\/kaasboerderijschep.nl\/de\/wp-json\/wp\/v2\/users\/1"}],"replies":[{"embeddable":true,"href":"https:\/\/kaasboerderijschep.nl\/de\/wp-json\/wp\/v2\/comments?post=1669"}],"version-history":[{"count":4,"href":"https:\/\/kaasboerderijschep.nl\/de\/wp-json\/wp\/v2\/pages\/1669\/revisions"}],"predecessor-version":[{"id":1881,"href":"https:\/\/kaasboerderijschep.nl\/de\/wp-json\/wp\/v2\/pages\/1669\/revisions\/1881"}],"wp:featuredmedia":[{"embeddable":true,"href":"https:\/\/kaasboerderijschep.nl\/de\/wp-json\/wp\/v2\/media\/1660"}],"wp:attachment":[{"href":"https:\/\/kaasboerderijschep.nl\/de\/wp-json\/wp\/v2\/media?parent=1669"}],"curies":[{"name":"wp","href":"https:\/\/api.w.org\/{rel}","templated":true}]}}